{"id":1022,"date":"2016-09-15T20:26:00","date_gmt":"2016-09-15T20:26:00","guid":{"rendered":"http:\/\/ufla.br\/calouros\/?page_id=1022"},"modified":"2025-03-13T10:56:46","modified_gmt":"2025-03-13T13:56:46","slug":"a-pesquisa-na-ufla","status":"publish","type":"page","link":"https:\/\/ufla.br\/calouros\/vivendo-na-ufla\/situe-se-no-campus\/a-pesquisa-na-ufla\/","title":{"rendered":"Pesquisa e inova\u00e7\u00e3o na UFLA"},"content":{"rendered":"<p><a href=\"http:\/\/ufla.br\/calouros\/wp-content\/uploads\/2016\/09\/pesquisa-ufla.jpg\"><img loading=\"lazy\" decoding=\"async\" class=\"alignleft size-medium wp-image-1024\" src=\"http:\/\/ufla.br\/calouros\/wp-content\/uploads\/2016\/09\/pesquisa-ufla-300x200.jpg\" alt=\"pesquisa-ufla\" width=\"300\" height=\"200\" srcset=\"https:\/\/ufla.br\/calouros\/wp-content\/uploads\/2016\/09\/pesquisa-ufla-300x200.jpg 300w, https:\/\/ufla.br\/calouros\/wp-content\/uploads\/2016\/09\/pesquisa-ufla.jpg 900w\" sizes=\"auto, (max-width: 300px) 100vw, 300px\" \/><\/a>A Universidade Federal de Lavras (UFLA) se consolida como um centro de pesquisa reconhecido nacional e internacionalmente, impulsionado por uma abordagem multidisciplinar voltada para desafios complexos. Com uma gest\u00e3o transparente e eficiente, a institui\u00e7\u00e3o viabiliza projetos de alto impacto, fortalecendo redes estrat\u00e9gicas de coopera\u00e7\u00e3o cient\u00edfica.<\/p>\n<p>Os Programas de Inicia\u00e7\u00e3o Cient\u00edfica da UFLA desempenham um papel essencial na forma\u00e7\u00e3o de novos pesquisadores, contemplando estudantes do Ensino M\u00e9dio, por meio do BIC J\u00fanior, e da gradua\u00e7\u00e3o, nas modalidades de Inicia\u00e7\u00e3o Cient\u00edfica Volunt\u00e1ria (Pivic) e com bolsas financiadas por ag\u00eancias de fomento, como o CNPq e a Fapemig (Pibic). No caso do BIC J\u00fanior, o programa envolve oito escolas estaduais em Lavras e cinco em S\u00e3o Sebasti\u00e3o do Para\u00edso.<\/p>\n<p>O investimento cont\u00ednuo em infraestrutura, equipamentos e capacita\u00e7\u00e3o contribui para a produ\u00e7\u00e3o de conhecimento relevante, pautado em princ\u00edpios \u00e9ticos e com impacto direto na sociedade, refor\u00e7ando o papel da UFLA no desenvolvimento socioecon\u00f4mico do Pa\u00eds.<\/p>\n<p><a href=\"https:\/\/prpi.ufla.br\/\">Informa\u00e7\u00f5es sobre pesquisa e inova\u00e7\u00e3o na UFLA : https:\/\/prpi.ufla.br\/<\/a><\/p>\n<!-- AddThis Advanced Settings generic via filter on the_content --><!-- AddThis Share Buttons generic via filter on the_content -->","protected":false},"excerpt":{"rendered":"<p>A Universidade Federal de Lavras (UFLA) se consolida como um centro de pesquisa reconhecido nacional e internacionalmente, impulsionado por uma abordagem multidisciplinar voltada para desafios complexos. Com uma gest\u00e3o transparente e eficiente, a institui\u00e7\u00e3o viabiliza projetos de alto impacto, fortalecendo<!-- AddThis Advanced Settings generic via filter on get_the_excerpt --><!-- AddThis Share Buttons generic via filter on get_the_excerpt --><\/p>\n","protected":false},"author":2,"featured_media":0,"parent":417,"menu_order":0,"comment_status":"closed","ping_status":"closed","template":"","meta":{"footnotes":""},"class_list":["post-1022","page","type-page","status-publish","hentry"],"_links":{"self":[{"href":"https:\/\/ufla.br\/calouros\/wp-json\/wp\/v2\/pages\/1022","targetHints":{"allow":["GET"]}}],"collection":[{"href":"https:\/\/ufla.br\/calouros\/wp-json\/wp\/v2\/pages"}],"about":[{"href":"https:\/\/ufla.br\/calouros\/wp-json\/wp\/v2\/types\/page"}],"author":[{"embeddable":true,"href":"https:\/\/ufla.br\/calouros\/wp-json\/wp\/v2\/users\/2"}],"replies":[{"embeddable":true,"href":"https:\/\/ufla.br\/calouros\/wp-json\/wp\/v2\/comments?post=1022"}],"version-history":[{"count":6,"href":"https:\/\/ufla.br\/calouros\/wp-json\/wp\/v2\/pages\/1022\/revisions"}],"predecessor-version":[{"id":2271,"href":"https:\/\/ufla.br\/calouros\/wp-json\/wp\/v2\/pages\/1022\/revisions\/2271"}],"up":[{"embeddable":true,"href":"https:\/\/ufla.br\/calouros\/wp-json\/wp\/v2\/pages\/417"}],"wp:attachment":[{"href":"https:\/\/ufla.br\/calouros\/wp-json\/wp\/v2\/media?parent=1022"}],"curies":[{"name":"wp","href":"https:\/\/api.w.org\/{rel}","templated":true}]}}