{"id":1359,"date":"2018-01-09T13:45:21","date_gmt":"2018-01-09T13:45:21","guid":{"rendered":"http:\/\/ufla.br\/calouros\/?page_id=1359"},"modified":"2020-09-14T08:50:34","modified_gmt":"2020-09-14T11:50:34","slug":"cartao-de-identificacao","status":"publish","type":"page","link":"https:\/\/ufla.br\/calouros\/vivendo-na-ufla\/cartao-de-identificacao\/","title":{"rendered":"Cart\u00e3o de identifica\u00e7\u00e3o"},"content":{"rendered":"<p>O cart\u00e3o \u00e9 essencial para usufruir de servi\u00e7os b\u00e1sicos: somente com ele o estudante poder\u00e1 fazer refei\u00e7\u00f5es no Restaurante Universit\u00e1rio e empr\u00e9stimos na Biblioteca. \u00c9 um cart\u00e3o pl\u00e1stico, que cont\u00e9m o nome, n\u00famero de matr\u00edcula, CPF, foto e um c\u00f3digo de barras, para uso pessoal do estudante.<\/p>\n<p><a href=\"https:\/\/servicosti.ufla.br\/index.php\/apoio-tecnico-ao-usuario\/cartao-de-identificacao\" target=\"_blank\" rel=\"noopener\">Quem confecciona o cart\u00e3o \u00e9 a Diretoria de Gest\u00e3o de Tecnologia da Informa\u00e7\u00e3o (<strong>DGTI<\/strong>)<\/a>. Informa\u00e7\u00f5es sobre a entrega do cart\u00e3o de identifica\u00e7\u00e3o ser\u00e3o divulgadas durante a Recep\u00e7\u00e3o de Calouros (consulte a programa\u00e7\u00e3o da Recep\u00e7\u00e3o de Calouros).<\/p>\n<p><strong>E se ocorrer a perda do cart\u00e3o?<\/strong><\/p>\n<p>A\u00ed,<a href=\"https:\/\/servicosti.ufla.br\/index.php\/apoio-tecnico-ao-usuario\/cartao-de-identificacao\" target=\"_blank\" rel=\"noopener\"> tem que entrar em contato com a Diretoria de Gest\u00e3o de Tecnologia da Informa\u00e7\u00e3o (<strong>DGTI<\/strong>)<\/a> para fazer a segunda via. H\u00e1 uma taxa a ser paga, neste caso.<\/p>\n<p>&nbsp;<\/p>\n<p>&nbsp;<\/p>\n<!-- AddThis Advanced Settings generic via filter on the_content --><!-- AddThis Share Buttons generic via filter on the_content -->","protected":false},"excerpt":{"rendered":"<p>O cart\u00e3o \u00e9 essencial para usufruir de servi\u00e7os b\u00e1sicos: somente com ele o estudante poder\u00e1 fazer refei\u00e7\u00f5es no Restaurante Universit\u00e1rio e empr\u00e9stimos na Biblioteca. \u00c9 um cart\u00e3o pl\u00e1stico, que cont\u00e9m o nome, n\u00famero de matr\u00edcula, CPF, foto e um c\u00f3digo<!-- AddThis Advanced Settings generic via filter on get_the_excerpt --><!-- AddThis Share Buttons generic via filter on get_the_excerpt --><\/p>\n","protected":false},"author":9,"featured_media":0,"parent":14,"menu_order":0,"comment_status":"closed","ping_status":"closed","template":"","meta":{"footnotes":""},"class_list":["post-1359","page","type-page","status-publish","hentry"],"_links":{"self":[{"href":"https:\/\/ufla.br\/calouros\/wp-json\/wp\/v2\/pages\/1359","targetHints":{"allow":["GET"]}}],"collection":[{"href":"https:\/\/ufla.br\/calouros\/wp-json\/wp\/v2\/pages"}],"about":[{"href":"https:\/\/ufla.br\/calouros\/wp-json\/wp\/v2\/types\/page"}],"author":[{"embeddable":true,"href":"https:\/\/ufla.br\/calouros\/wp-json\/wp\/v2\/users\/9"}],"replies":[{"embeddable":true,"href":"https:\/\/ufla.br\/calouros\/wp-json\/wp\/v2\/comments?post=1359"}],"version-history":[{"count":5,"href":"https:\/\/ufla.br\/calouros\/wp-json\/wp\/v2\/pages\/1359\/revisions"}],"predecessor-version":[{"id":1731,"href":"https:\/\/ufla.br\/calouros\/wp-json\/wp\/v2\/pages\/1359\/revisions\/1731"}],"up":[{"embeddable":true,"href":"https:\/\/ufla.br\/calouros\/wp-json\/wp\/v2\/pages\/14"}],"wp:attachment":[{"href":"https:\/\/ufla.br\/calouros\/wp-json\/wp\/v2\/media?parent=1359"}],"curies":[{"name":"wp","href":"https:\/\/api.w.org\/{rel}","templated":true}]}}