{"id":1384,"date":"2018-02-23T12:18:05","date_gmt":"2018-02-23T12:18:05","guid":{"rendered":"http:\/\/ufla.br\/calouros\/?page_id=1384"},"modified":"2018-02-23T12:18:05","modified_gmt":"2018-02-23T12:18:05","slug":"compromisso-etico-do-ingressante-nos-cursos-de-graduacao","status":"publish","type":"page","link":"https:\/\/ufla.br\/calouros\/vivendo-na-ufla\/compromisso-etico-do-ingressante-nos-cursos-de-graduacao\/","title":{"rendered":"Compromisso \u00e9tico do ingressante nos cursos de gradua\u00e7\u00e3o"},"content":{"rendered":"<p>&#8220;Prometo ser estudante leal e a agir com \u00e9tica, respeitando todas as pessoas e o ambiente que compartilhamos.Prometo cumprir, com honestidade, todas as minhas responsabilidades acad\u00eamicas.Prometo, como estudante, honrar minha fam\u00edlia e minha universidade.&#8221;<\/p>\n<p>&nbsp;<\/p>\n<p>&nbsp;<\/p>\n<!-- AddThis Advanced Settings generic via filter on the_content --><!-- AddThis Share Buttons generic via filter on the_content -->","protected":false},"excerpt":{"rendered":"<p>&#8220;Prometo ser estudante leal e a agir com \u00e9tica, respeitando todas as pessoas e o ambiente que compartilhamos.Prometo cumprir, com honestidade, todas as minhas responsabilidades acad\u00eamicas.Prometo, como estudante, honrar minha fam\u00edlia e minha universidade.&#8221; &nbsp; &nbsp;<!-- AddThis Advanced Settings generic via filter on get_the_excerpt --><!-- AddThis Share Buttons generic via filter on get_the_excerpt --><\/p>\n","protected":false},"author":9,"featured_media":0,"parent":14,"menu_order":0,"comment_status":"closed","ping_status":"closed","template":"","meta":{"footnotes":""},"class_list":["post-1384","page","type-page","status-publish","hentry"],"_links":{"self":[{"href":"https:\/\/ufla.br\/calouros\/wp-json\/wp\/v2\/pages\/1384","targetHints":{"allow":["GET"]}}],"collection":[{"href":"https:\/\/ufla.br\/calouros\/wp-json\/wp\/v2\/pages"}],"about":[{"href":"https:\/\/ufla.br\/calouros\/wp-json\/wp\/v2\/types\/page"}],"author":[{"embeddable":true,"href":"https:\/\/ufla.br\/calouros\/wp-json\/wp\/v2\/users\/9"}],"replies":[{"embeddable":true,"href":"https:\/\/ufla.br\/calouros\/wp-json\/wp\/v2\/comments?post=1384"}],"version-history":[{"count":1,"href":"https:\/\/ufla.br\/calouros\/wp-json\/wp\/v2\/pages\/1384\/revisions"}],"predecessor-version":[{"id":1385,"href":"https:\/\/ufla.br\/calouros\/wp-json\/wp\/v2\/pages\/1384\/revisions\/1385"}],"up":[{"embeddable":true,"href":"https:\/\/ufla.br\/calouros\/wp-json\/wp\/v2\/pages\/14"}],"wp:attachment":[{"href":"https:\/\/ufla.br\/calouros\/wp-json\/wp\/v2\/media?parent=1384"}],"curies":[{"name":"wp","href":"https:\/\/api.w.org\/{rel}","templated":true}]}}