{"id":14,"date":"2014-07-23T17:24:06","date_gmt":"2014-07-23T17:24:06","guid":{"rendered":"http:\/\/ufla.br\/calouros\/?page_id=14"},"modified":"2019-08-01T13:43:46","modified_gmt":"2019-08-01T13:43:46","slug":"vivendo-na-ufla","status":"publish","type":"page","link":"https:\/\/ufla.br\/calouros\/vivendo-na-ufla\/","title":{"rendered":"Vivendo na UFLA"},"content":{"rendered":"<p><a href=\"http:\/\/ufla.br\/calouros\/vivendo-na-ufla\/compromisso-etico-do-ingressante-nos-cursos-de-graduacao\/\">Compromisso \u00e9tico do ingressante nos cursos de Gradua\u00e7\u00e3o da UFLA<\/a><\/p>\n<p><a href=\"http:\/\/ufla.br\/calouros\/vivendo-na-ufla\/seguro-de-acidentes-pessoais\/\">Seguro de acidentes pessoais<\/a><\/p>\n<p><a href=\"http:\/\/ufla.br\/calouros\/vivendo-na-ufla\/coisas-essenciais\/matricula\">Matr\u00edcula<\/a><\/p>\n<p><a href=\"http:\/\/ufla.br\/calouros\/vivendo-na-ufla\/cartao-de-identificacao\/\">Cart\u00e3o de identifica\u00e7\u00e3o<\/a><\/p>\n<p><a href=\"http:\/\/ufla.br\/calouros\/vivendo-na-ufla\/coisas-essenciais\/aprendendo-a-usar-o-sig\/\">Aprenda a usar o SIG<\/a><\/p>\n<p><a href=\"http:\/\/ufla.br\/calouros\/vivendo-na-ufla\/coisas-essenciais\/recepcao-dos-calouros\/\">Recep\u00e7\u00e3o de Calouros<\/a><\/p>\n<p><a href=\"http:\/\/ufla.br\/calouros\/vivendo-na-ufla\/coisas-essenciais\/trote-e-trote-solidario\/\">Trote<\/a><\/p>\n<p><a href=\"http:\/\/ufla.br\/calouros\/vivendo-na-ufla\/coisas-essenciais\/assistencia-estudantil\/\">Assist\u00eancia Estudantil<\/a><\/p>\n<p><a href=\"http:\/\/ufla.br\/calouros\/vivendo-na-ufla\/calendario-e-manual-academico\/\">Calend\u00e1rio Letivo e Cronograma Acad\u00eamico<\/a><\/p>\n<p><a href=\"http:\/\/ufla.br\/calouros\/vivendo-na-ufla\/e-bom-saber\/dicas-de-seguranca\/\">Dicas de seguran\u00e7a no c\u00e2mpus<\/a><\/p>\n<p><a href=\"http:\/\/ufla.br\/calouros\/vivendo-na-ufla\/esportes\/\">Esportes<\/a><\/p>\n<p><a href=\"http:\/\/www.ufla.br\/calouros\/vivendo-na-ufla\/guia-de-cursos\/\">Guia de Cursos<\/a><\/p>\n<!-- AddThis Advanced Settings generic via filter on the_content --><!-- AddThis Share Buttons generic via filter on the_content -->","protected":false},"excerpt":{"rendered":"<p>Compromisso \u00e9tico do ingressante nos cursos de Gradua\u00e7\u00e3o da UFLA Seguro de acidentes pessoais Matr\u00edcula Cart\u00e3o de identifica\u00e7\u00e3o Aprenda a usar o SIG Recep\u00e7\u00e3o de Calouros Trote Assist\u00eancia Estudantil Calend\u00e1rio Letivo e Cronograma Acad\u00eamico Dicas de seguran\u00e7a no c\u00e2mpus Esportes<!-- AddThis Advanced Settings generic via filter on get_the_excerpt --><!-- AddThis Share Buttons generic via filter on get_the_excerpt --><\/p>\n","protected":false},"author":2,"featured_media":0,"parent":0,"menu_order":0,"comment_status":"closed","ping_status":"closed","template":"","meta":{"footnotes":""},"class_list":["post-14","page","type-page","status-publish","hentry"],"_links":{"self":[{"href":"https:\/\/ufla.br\/calouros\/wp-json\/wp\/v2\/pages\/14","targetHints":{"allow":["GET"]}}],"collection":[{"href":"https:\/\/ufla.br\/calouros\/wp-json\/wp\/v2\/pages"}],"about":[{"href":"https:\/\/ufla.br\/calouros\/wp-json\/wp\/v2\/types\/page"}],"author":[{"embeddable":true,"href":"https:\/\/ufla.br\/calouros\/wp-json\/wp\/v2\/users\/2"}],"replies":[{"embeddable":true,"href":"https:\/\/ufla.br\/calouros\/wp-json\/wp\/v2\/comments?post=14"}],"version-history":[{"count":22,"href":"https:\/\/ufla.br\/calouros\/wp-json\/wp\/v2\/pages\/14\/revisions"}],"predecessor-version":[{"id":1574,"href":"https:\/\/ufla.br\/calouros\/wp-json\/wp\/v2\/pages\/14\/revisions\/1574"}],"wp:attachment":[{"href":"https:\/\/ufla.br\/calouros\/wp-json\/wp\/v2\/media?parent=14"}],"curies":[{"name":"wp","href":"https:\/\/api.w.org\/{rel}","templated":true}]}}