{"id":1568,"date":"2019-08-01T13:37:08","date_gmt":"2019-08-01T13:37:08","guid":{"rendered":"http:\/\/www.ufla.br\/calouros\/?page_id=1568"},"modified":"2025-03-12T16:30:58","modified_gmt":"2025-03-12T19:30:58","slug":"regulamento-da-graduacao","status":"publish","type":"page","link":"https:\/\/ufla.br\/calouros\/vivendo-na-ufla\/regulamento-da-graduacao\/","title":{"rendered":"Normas Gerais de Gradua\u00e7\u00e3o"},"content":{"rendered":"<p>\u00a0<\/p>\n<div class=\"su-button-center\"><a class=\"su-button su-button-style-soft discussion-level-1 discussion-id-1a876357-bd55-8028-bce3-001c2e32446f notion-enable-hover su-button-wide\" style=\"color: #ffffff; background-color: #2d89ef; border-color: #246ec0; border-radius: 50px; -moz-border-radius: 50px; -webkit-border-radius: 50px;\" href=\"https:\/\/prograd.ufla.br\/legislacao\/normas-gerais-de-graduacao\" target=\"__self\" rel=\"noopener noreferrer\"><span style=\"color: #ffffff; padding: 8px 24px; font-size: 18px; line-height: 27px; border-color: #6cadf4; border-radius: 50px; -moz-border-radius: 50px; -webkit-border-radius: 50px; text-shadow: none; -moz-text-shadow: none; -webkit-text-shadow: none;\"><i class=\"sui sui-link\" style=\"font-size: 18px; color: #ffffff;\"><\/i> Conferira todas as normas na p\u00e1gina Normas Gerais de Gradua\u00e7\u00e3o.<\/span><\/a><\/div>\n\n\n<p><\/p>\n<!-- AddThis Advanced Settings generic via filter on the_content --><!-- AddThis Share Buttons generic via filter on the_content -->","protected":false},"excerpt":{"rendered":"<p>\u00a0 Conferira todas as normas na p\u00e1gina Normas Gerais de Gradua\u00e7\u00e3o.<!-- AddThis Advanced Settings generic via filter on get_the_excerpt --><!-- AddThis Share Buttons generic via filter on get_the_excerpt --><\/p>\n","protected":false},"author":11,"featured_media":0,"parent":14,"menu_order":0,"comment_status":"closed","ping_status":"closed","template":"","meta":{"footnotes":""},"class_list":["post-1568","page","type-page","status-publish","hentry"],"_links":{"self":[{"href":"https:\/\/ufla.br\/calouros\/wp-json\/wp\/v2\/pages\/1568","targetHints":{"allow":["GET"]}}],"collection":[{"href":"https:\/\/ufla.br\/calouros\/wp-json\/wp\/v2\/pages"}],"about":[{"href":"https:\/\/ufla.br\/calouros\/wp-json\/wp\/v2\/types\/page"}],"author":[{"embeddable":true,"href":"https:\/\/ufla.br\/calouros\/wp-json\/wp\/v2\/users\/11"}],"replies":[{"embeddable":true,"href":"https:\/\/ufla.br\/calouros\/wp-json\/wp\/v2\/comments?post=1568"}],"version-history":[{"count":8,"href":"https:\/\/ufla.br\/calouros\/wp-json\/wp\/v2\/pages\/1568\/revisions"}],"predecessor-version":[{"id":2243,"href":"https:\/\/ufla.br\/calouros\/wp-json\/wp\/v2\/pages\/1568\/revisions\/2243"}],"up":[{"embeddable":true,"href":"https:\/\/ufla.br\/calouros\/wp-json\/wp\/v2\/pages\/14"}],"wp:attachment":[{"href":"https:\/\/ufla.br\/calouros\/wp-json\/wp\/v2\/media?parent=1568"}],"curies":[{"name":"wp","href":"https:\/\/api.w.org\/{rel}","templated":true}]}}