{"id":1707,"date":"2020-09-11T14:18:01","date_gmt":"2020-09-11T17:18:01","guid":{"rendered":"https:\/\/ufla.br\/calouros\/?page_id=1707"},"modified":"2020-09-11T14:20:43","modified_gmt":"2020-09-11T17:20:43","slug":"vivendo-na-ufla-com-cultura","status":"publish","type":"page","link":"https:\/\/ufla.br\/calouros\/vivendo-na-ufla\/vivendo-na-ufla-com-cultura\/","title":{"rendered":"Vivendo na UFLA com cultura"},"content":{"rendered":"<p>J\u00e1 toca algum instrumento musical ou tem vontade de aprender? Quer estudar m\u00fasica? Ent\u00e3o se liga nas atividades oferecidas pelo Programa Institucional de M\u00fasica na UFLA!<\/p>\n<p>O Centro de Cultura, localizado no C\u00e2mpus Hist\u00f3rico, conta com diversos projetos:<\/p>\n<ul>\n<li>Orquestra de Cordas da UFLA<\/li>\n<li>Coral Vozes do Campus<\/li>\n<li>Orquestra Vertentes<\/li>\n<li>Grupo Canto das Nascentes<\/li>\n<li>Madrigal UFLA<\/li>\n<\/ul>\n<p>Durante o per\u00edodo de distanciamento social, com a suspens\u00e3o das atividades presenciais, \u00e9 poss\u00edvel acompanhar diversas atividades nas redes sociais <strong>@musicanocentrodecultura<\/strong> :<\/p>\n<ul>\n<li>Curso b\u00e1sico de Hist\u00f3ria da M\u00fasica<\/li>\n<li>S\u00e9rie Estudos (uma cole\u00e7\u00e3o de v\u00eddeos com trechos de estudos pr\u00e1ticos de instrumentos musicais)<\/li>\n<li>S\u00e9rie Mosaico (coment\u00e1rios e sugest\u00f5es de audi\u00e7\u00e3o de M\u00fasica do S\u00e9culo XX)<\/li>\n<li>Curso introdut\u00f3rio de Solfejo e leitura de partituras.<\/li>\n<\/ul>\n<!-- AddThis Advanced Settings generic via filter on the_content --><!-- AddThis Share Buttons generic via filter on the_content -->","protected":false},"excerpt":{"rendered":"<p>J\u00e1 toca algum instrumento musical ou tem vontade de aprender? Quer estudar m\u00fasica? Ent\u00e3o se liga nas atividades oferecidas pelo Programa Institucional de M\u00fasica na UFLA! O Centro de Cultura, localizado no C\u00e2mpus Hist\u00f3rico, conta com diversos projetos: Orquestra de<!-- AddThis Advanced Settings generic via filter on get_the_excerpt --><!-- AddThis Share Buttons generic via filter on get_the_excerpt --><\/p>\n","protected":false},"author":8,"featured_media":0,"parent":14,"menu_order":0,"comment_status":"closed","ping_status":"closed","template":"","meta":{"footnotes":""},"class_list":["post-1707","page","type-page","status-publish","hentry"],"_links":{"self":[{"href":"https:\/\/ufla.br\/calouros\/wp-json\/wp\/v2\/pages\/1707","targetHints":{"allow":["GET"]}}],"collection":[{"href":"https:\/\/ufla.br\/calouros\/wp-json\/wp\/v2\/pages"}],"about":[{"href":"https:\/\/ufla.br\/calouros\/wp-json\/wp\/v2\/types\/page"}],"author":[{"embeddable":true,"href":"https:\/\/ufla.br\/calouros\/wp-json\/wp\/v2\/users\/8"}],"replies":[{"embeddable":true,"href":"https:\/\/ufla.br\/calouros\/wp-json\/wp\/v2\/comments?post=1707"}],"version-history":[{"count":2,"href":"https:\/\/ufla.br\/calouros\/wp-json\/wp\/v2\/pages\/1707\/revisions"}],"predecessor-version":[{"id":1710,"href":"https:\/\/ufla.br\/calouros\/wp-json\/wp\/v2\/pages\/1707\/revisions\/1710"}],"up":[{"embeddable":true,"href":"https:\/\/ufla.br\/calouros\/wp-json\/wp\/v2\/pages\/14"}],"wp:attachment":[{"href":"https:\/\/ufla.br\/calouros\/wp-json\/wp\/v2\/media?parent=1707"}],"curies":[{"name":"wp","href":"https:\/\/api.w.org\/{rel}","templated":true}]}}