{"id":1734,"date":"2020-09-14T09:06:40","date_gmt":"2020-09-14T12:06:40","guid":{"rendered":"https:\/\/ufla.br\/calouros\/?page_id=1734"},"modified":"2020-09-14T09:06:40","modified_gmt":"2020-09-14T12:06:40","slug":"iniciacao-cientifica","status":"publish","type":"page","link":"https:\/\/ufla.br\/calouros\/iniciacao-cientifica\/","title":{"rendered":"Inicia\u00e7\u00e3o Cient\u00edfica"},"content":{"rendered":"<p><strong>J\u00e1 sonhou em ser um cientista?<\/strong><\/p>\n<p>A Inicia\u00e7\u00e3o Cient\u00edfica \u00e9 uma das grandes possibilidades para que os estudantes de gradua\u00e7\u00e3o possam desenvolver o pensamento cient\u00edfico!<\/p>\n<p>Saiba mais:<\/p>\n<div class=\"su-youtube su-u-responsive-media-yes\"><iframe loading=\"lazy\" width=\"960\" height=\"540\" src=\"https:\/\/www.youtube.com\/embed\/KNf_jyaVl4A?\" frameborder=\"0\" allowfullscreen allow=\"autoplay; encrypted-media; picture-in-picture\" title=\"\"><\/iframe><\/div>\n<!-- AddThis Advanced Settings generic via filter on the_content --><!-- AddThis Share Buttons generic via filter on the_content -->","protected":false},"excerpt":{"rendered":"<p>J\u00e1 sonhou em ser um cientista? A Inicia\u00e7\u00e3o Cient\u00edfica \u00e9 uma das grandes possibilidades para que os estudantes de gradua\u00e7\u00e3o possam desenvolver o pensamento cient\u00edfico! Saiba mais:<!-- AddThis Advanced Settings generic via filter on get_the_excerpt --><!-- AddThis Share Buttons generic via filter on get_the_excerpt --><\/p>\n","protected":false},"author":8,"featured_media":0,"parent":0,"menu_order":0,"comment_status":"closed","ping_status":"closed","template":"","meta":{"footnotes":""},"class_list":["post-1734","page","type-page","status-publish","hentry"],"_links":{"self":[{"href":"https:\/\/ufla.br\/calouros\/wp-json\/wp\/v2\/pages\/1734","targetHints":{"allow":["GET"]}}],"collection":[{"href":"https:\/\/ufla.br\/calouros\/wp-json\/wp\/v2\/pages"}],"about":[{"href":"https:\/\/ufla.br\/calouros\/wp-json\/wp\/v2\/types\/page"}],"author":[{"embeddable":true,"href":"https:\/\/ufla.br\/calouros\/wp-json\/wp\/v2\/users\/8"}],"replies":[{"embeddable":true,"href":"https:\/\/ufla.br\/calouros\/wp-json\/wp\/v2\/comments?post=1734"}],"version-history":[{"count":2,"href":"https:\/\/ufla.br\/calouros\/wp-json\/wp\/v2\/pages\/1734\/revisions"}],"predecessor-version":[{"id":1736,"href":"https:\/\/ufla.br\/calouros\/wp-json\/wp\/v2\/pages\/1734\/revisions\/1736"}],"wp:attachment":[{"href":"https:\/\/ufla.br\/calouros\/wp-json\/wp\/v2\/media?parent=1734"}],"curies":[{"name":"wp","href":"https:\/\/api.w.org\/{rel}","templated":true}]}}