{"id":18,"date":"2014-07-23T17:25:48","date_gmt":"2014-07-23T17:25:48","guid":{"rendered":"http:\/\/ufla.br\/calouros\/?page_id=18"},"modified":"2025-03-13T11:00:11","modified_gmt":"2025-03-13T14:00:11","slug":"contato","status":"publish","type":"page","link":"https:\/\/ufla.br\/calouros\/contato\/","title":{"rendered":"Contatos"},"content":{"rendered":"<p>Voc\u00ea quer entrar em contato referente a que assunto?<\/p>\n<hr \/>\n<p><a title=\"Contato \u2013 PPOGRAD\" href=\"http:\/\/ufla.br\/calouros\/contato\/contato-pro-reitoria-de-graduacao\/\">Normas, formul\u00e1rios, componentes curriculares, etc<\/a><\/p>\n<p><a title=\"Contato \u2013 DRCA\" href=\"http:\/\/ufla.br\/calouros\/contatos\/contato-drca\/\">Hor\u00e1rio, Matr\u00edcula, Documenta\u00e7\u00e3o, SiSU, etc<\/a><\/p>\n<p><a href=\"https:\/\/ouvidoria.ufla.br\/contato\" target=\"_blank\" rel=\"noopener noreferrer\">Ouvidoria<\/a><\/p>\n<p><a title=\"Acesso \u00e0 Informa\u00e7\u00e3o\" href=\"http:\/\/ufla.br\/acessoainformacao\/?page_id=59\" target=\"_blank\" rel=\"noopener noreferrer\">Pedido de Acesso \u00e0 Informa\u00e7\u00e3o<\/a><\/p>\n<p><a title=\"Contato \u2013 PROGRAD\" href=\"http:\/\/ufla.br\/calouros\/contato\/contato-pro-reitoria-de-graduacao\/\">Outros assuntos<\/a><\/p>\n<p><a href=\"https:\/\/ufla.br\/comunicacao\">Administra\u00e7\u00e3o deste blog: Diretoria de Comunica\u00e7\u00e3o da UFLA<\/a><\/p>\n<!-- AddThis Advanced Settings generic via filter on the_content --><!-- AddThis Share Buttons generic via filter on the_content -->","protected":false},"excerpt":{"rendered":"<p>Voc\u00ea quer entrar em contato referente a que assunto? Normas, formul\u00e1rios, componentes curriculares, etc Hor\u00e1rio, Matr\u00edcula, Documenta\u00e7\u00e3o, SiSU, etc Ouvidoria Pedido de Acesso \u00e0 Informa\u00e7\u00e3o Outros assuntos Administra\u00e7\u00e3o deste blog: Diretoria de Comunica\u00e7\u00e3o da UFLA<!-- AddThis Advanced Settings generic via filter on get_the_excerpt --><!-- AddThis Share Buttons generic via filter on get_the_excerpt --><\/p>\n","protected":false},"author":2,"featured_media":0,"parent":0,"menu_order":0,"comment_status":"closed","ping_status":"closed","template":"","meta":{"footnotes":""},"class_list":["post-18","page","type-page","status-publish","hentry"],"_links":{"self":[{"href":"https:\/\/ufla.br\/calouros\/wp-json\/wp\/v2\/pages\/18","targetHints":{"allow":["GET"]}}],"collection":[{"href":"https:\/\/ufla.br\/calouros\/wp-json\/wp\/v2\/pages"}],"about":[{"href":"https:\/\/ufla.br\/calouros\/wp-json\/wp\/v2\/types\/page"}],"author":[{"embeddable":true,"href":"https:\/\/ufla.br\/calouros\/wp-json\/wp\/v2\/users\/2"}],"replies":[{"embeddable":true,"href":"https:\/\/ufla.br\/calouros\/wp-json\/wp\/v2\/comments?post=18"}],"version-history":[{"count":20,"href":"https:\/\/ufla.br\/calouros\/wp-json\/wp\/v2\/pages\/18\/revisions"}],"predecessor-version":[{"id":2272,"href":"https:\/\/ufla.br\/calouros\/wp-json\/wp\/v2\/pages\/18\/revisions\/2272"}],"wp:attachment":[{"href":"https:\/\/ufla.br\/calouros\/wp-json\/wp\/v2\/media?parent=18"}],"curies":[{"name":"wp","href":"https:\/\/api.w.org\/{rel}","templated":true}]}}