{"id":22,"date":"2014-07-23T17:26:37","date_gmt":"2014-07-23T17:26:37","guid":{"rendered":"http:\/\/ufla.br\/calouros\/?page_id=22"},"modified":"2020-03-03T20:23:17","modified_gmt":"2020-03-03T20:23:17","slug":"mapa-da-ufla","status":"publish","type":"page","link":"https:\/\/ufla.br\/calouros\/mapa-da-ufla\/","title":{"rendered":"Mapa da UFLA"},"content":{"rendered":"<p>Ao acessar o mapa em tela inteira (clique no quadrinho do canto superior direito do mapa), \u00e9\u00a0poss\u00edvel visualizar a localiza\u00e7\u00e3o dos Departamentos did\u00e1tico-cient\u00edficos e\/ou dos principais pr\u00e9dios do c\u00e2mpus hist\u00f3rico e c\u00e2mpus novo.*<\/p>\n<p>A visualiza\u00e7\u00e3o\u00a0em tela inteira oferece uma coluna, \u00e0 esquerda, com o nome de todos os pr\u00e9dios que constam no mapa. Eles est\u00e3o subdivididos nas se\u00e7\u00f5es C\u00e2mpus Hist\u00f3rico, C\u00e2mpus Novo e Departamentos Did\u00e1tico-Cient\u00edficos. O usu\u00e1rio pode optar por ver os pr\u00e9dios de apenas uma, duas ou das tr\u00eas se\u00e7\u00f5es. Ao clicar no nome do pr\u00e9dio ou em seu espa\u00e7o no mapa, aparecer\u00e3o uma foto e mais informa\u00e7\u00f5es sobre o setor.<\/p>\n<p><iframe loading=\"lazy\" src=\"https:\/\/www.google.com\/maps\/d\/embed?mid=z8JcoOCFChzM.kOrMBOYJe0sg\" width=\"640\" height=\"480\"><\/iframe><\/p>\n<p>* Este mapa est\u00e1 em constru\u00e7\u00e3o e estamos inserindo novos locais. Caso julgue conveniente inserir\u00a0algum setor que ainda n\u00e3o esteja indicado ou constate algum erro, entre em contato pelo e-mail <strong>dcom@ufla.br<\/strong>.<\/p>\n<p><a href=\"http:\/\/www.ufla.br\/calouros\/wp-content\/uploads\/2020\/03\/89179450_2918186414905690_2819344411450671104_o.png\"><img loading=\"lazy\" decoding=\"async\" class=\"aligncenter size-large wp-image-1609\" src=\"http:\/\/www.ufla.br\/calouros\/wp-content\/uploads\/2020\/03\/89179450_2918186414905690_2819344411450671104_o-1024x728.png\" alt=\"\" width=\"720\" height=\"512\" srcset=\"https:\/\/ufla.br\/calouros\/wp-content\/uploads\/2020\/03\/89179450_2918186414905690_2819344411450671104_o-1024x728.png 1024w, https:\/\/ufla.br\/calouros\/wp-content\/uploads\/2020\/03\/89179450_2918186414905690_2819344411450671104_o-300x213.png 300w, https:\/\/ufla.br\/calouros\/wp-content\/uploads\/2020\/03\/89179450_2918186414905690_2819344411450671104_o-768x546.png 768w, https:\/\/ufla.br\/calouros\/wp-content\/uploads\/2020\/03\/89179450_2918186414905690_2819344411450671104_o.png 2048w\" sizes=\"auto, (max-width: 720px) 100vw, 720px\" \/><\/a><\/p>\n<!-- AddThis Advanced Settings generic via filter on the_content --><!-- AddThis Share Buttons generic via filter on the_content -->","protected":false},"excerpt":{"rendered":"<p>Ao acessar o mapa em tela inteira (clique no quadrinho do canto superior direito do mapa), \u00e9\u00a0poss\u00edvel visualizar a localiza\u00e7\u00e3o dos Departamentos did\u00e1tico-cient\u00edficos e\/ou dos principais pr\u00e9dios do c\u00e2mpus hist\u00f3rico e c\u00e2mpus novo.* A visualiza\u00e7\u00e3o\u00a0em tela inteira oferece uma coluna,<!-- AddThis Advanced Settings generic via filter on get_the_excerpt --><!-- AddThis Share Buttons generic via filter on get_the_excerpt --><\/p>\n","protected":false},"author":2,"featured_media":0,"parent":0,"menu_order":0,"comment_status":"closed","ping_status":"closed","template":"","meta":{"footnotes":""},"class_list":["post-22","page","type-page","status-publish","hentry"],"_links":{"self":[{"href":"https:\/\/ufla.br\/calouros\/wp-json\/wp\/v2\/pages\/22","targetHints":{"allow":["GET"]}}],"collection":[{"href":"https:\/\/ufla.br\/calouros\/wp-json\/wp\/v2\/pages"}],"about":[{"href":"https:\/\/ufla.br\/calouros\/wp-json\/wp\/v2\/types\/page"}],"author":[{"embeddable":true,"href":"https:\/\/ufla.br\/calouros\/wp-json\/wp\/v2\/users\/2"}],"replies":[{"embeddable":true,"href":"https:\/\/ufla.br\/calouros\/wp-json\/wp\/v2\/comments?post=22"}],"version-history":[{"count":14,"href":"https:\/\/ufla.br\/calouros\/wp-json\/wp\/v2\/pages\/22\/revisions"}],"predecessor-version":[{"id":1610,"href":"https:\/\/ufla.br\/calouros\/wp-json\/wp\/v2\/pages\/22\/revisions\/1610"}],"wp:attachment":[{"href":"https:\/\/ufla.br\/calouros\/wp-json\/wp\/v2\/media?parent=22"}],"curies":[{"name":"wp","href":"https:\/\/api.w.org\/{rel}","templated":true}]}}