{"id":245,"date":"2014-07-29T21:41:56","date_gmt":"2014-07-29T21:41:56","guid":{"rendered":"http:\/\/ufla.br\/calouros\/?page_id=245"},"modified":"2025-03-12T15:05:21","modified_gmt":"2025-03-12T18:05:21","slug":"mensagem-de-boas-vindas","status":"publish","type":"page","link":"https:\/\/ufla.br\/calouros\/mensagem-de-boas-vindas\/","title":{"rendered":"Mensagem de boas-vindas"},"content":{"rendered":"\n<p><strong>Boas-vindas \u00e0 UFLA!<\/strong><\/p>\n\n\n\n<p>Caro(a) estudante,<\/p>\n\n\n\n<p>Parab\u00e9ns por essa conquista! Seu ingresso na Universidade Federal de Lavras marca o in\u00edcio de uma nova etapa, repleta de oportunidades de aprendizado, crescimento e experi\u00eancias que transformar\u00e3o sua trajet\u00f3ria acad\u00eamica e profissional.<\/p>\n\n\n\n<p>A UFLA \u00e9 uma institui\u00e7\u00e3o p\u00fablica de excel\u00eancia, comprometida com a forma\u00e7\u00e3o de qualidade, a pesquisa de impacto e a inova\u00e7\u00e3o. Aqui, voc\u00ea ter\u00e1 acesso a uma estrutura acad\u00eamica preparada para apoi\u00e1-lo em sua jornada, al\u00e9m de contar com professores qualificados, programas de assist\u00eancia estudantil e diversas iniciativas para enriquecer sua viv\u00eancia universit\u00e1ria.<\/p>\n\n\n\n<p>Sabemos que o in\u00edcio dessa caminhada pode trazer desafios e d\u00favidas, mas voc\u00ea n\u00e3o est\u00e1 sozinho. Nossa comunidade universit\u00e1ria est\u00e1 pronta para acolh\u00ea-lo, e diferentes setores estar\u00e3o dispon\u00edveis para orient\u00e1-lo em cada etapa da sua adapta\u00e7\u00e3o.<\/p>\n\n\n\n<p>Aproveite cada oportunidade, envolva-se nas atividades acad\u00eamicas e extracurriculares e construa, desde j\u00e1, uma trajet\u00f3ria feliz e de sucesso. Venha sentir o #orgulhodeserUFLA<\/p>\n\n\n\n<p>Seja bem-vindo(a) \u00e0 UFLA!&nbsp;<\/p>\n\n\n\n<p><strong>Professor Jos\u00e9 Roberto Scolforo<br><\/strong> Reitor da Universidade Federal de Lavras<br><br><strong>Professor Jackson Ant\u00f4nio Barbosa <br><\/strong> Vice-Reitor da Universidade Federal de Lavras<\/p>\n<!-- AddThis Advanced Settings generic via filter on the_content --><!-- AddThis Share Buttons generic via filter on the_content -->","protected":false},"excerpt":{"rendered":"<p>Boas-vindas \u00e0 UFLA! Caro(a) estudante, Parab\u00e9ns por essa conquista! Seu ingresso na Universidade Federal de Lavras marca o in\u00edcio de uma nova etapa, repleta de oportunidades de aprendizado, crescimento e experi\u00eancias que transformar\u00e3o sua trajet\u00f3ria acad\u00eamica e profissional. A UFLA<!-- AddThis Advanced Settings generic via filter on get_the_excerpt --><!-- AddThis Share Buttons generic via filter on get_the_excerpt --><\/p>\n","protected":false},"author":2,"featured_media":0,"parent":0,"menu_order":0,"comment_status":"closed","ping_status":"closed","template":"","meta":{"footnotes":""},"class_list":["post-245","page","type-page","status-publish","hentry"],"_links":{"self":[{"href":"https:\/\/ufla.br\/calouros\/wp-json\/wp\/v2\/pages\/245","targetHints":{"allow":["GET"]}}],"collection":[{"href":"https:\/\/ufla.br\/calouros\/wp-json\/wp\/v2\/pages"}],"about":[{"href":"https:\/\/ufla.br\/calouros\/wp-json\/wp\/v2\/types\/page"}],"author":[{"embeddable":true,"href":"https:\/\/ufla.br\/calouros\/wp-json\/wp\/v2\/users\/2"}],"replies":[{"embeddable":true,"href":"https:\/\/ufla.br\/calouros\/wp-json\/wp\/v2\/comments?post=245"}],"version-history":[{"count":12,"href":"https:\/\/ufla.br\/calouros\/wp-json\/wp\/v2\/pages\/245\/revisions"}],"predecessor-version":[{"id":2222,"href":"https:\/\/ufla.br\/calouros\/wp-json\/wp\/v2\/pages\/245\/revisions\/2222"}],"wp:attachment":[{"href":"https:\/\/ufla.br\/calouros\/wp-json\/wp\/v2\/media?parent=245"}],"curies":[{"name":"wp","href":"https:\/\/api.w.org\/{rel}","templated":true}]}}