{"id":28,"date":"2014-07-23T17:30:48","date_gmt":"2014-07-23T17:30:48","guid":{"rendered":"http:\/\/ufla.br\/calouros\/?page_id=28"},"modified":"2025-03-12T15:45:17","modified_gmt":"2025-03-12T18:45:17","slug":"alimentacao","status":"publish","type":"page","link":"https:\/\/ufla.br\/calouros\/morando-em-lavras\/alimentacao\/","title":{"rendered":"Alimenta\u00e7\u00e3o"},"content":{"rendered":"<div class=\"su-tabs su-tabs-style-default su-tabs-mobile-stack my-custom-tabs\" data-active=\"1\" data-scroll-offset=\"0\" data-anchor-in-url=\"no\"><div class=\"su-tabs-nav\"><span class=\"\" data-url=\"\" data-target=\"blank\" tabindex=\"0\" role=\"button\">Restaurante Universit\u00e1rio<\/span><span class=\"\" data-url=\"\" data-target=\"blank\" tabindex=\"0\" role=\"button\">Restaurantes e lanchonetes<\/span><\/div><div class=\"su-tabs-panes\"><div class=\"su-tabs-pane su-u-clearfix su-u-trim\" data-title=\"Restaurante Universit\u00e1rio\">\n<h2>Restaurante Universit\u00e1rio<\/h2>\n<p>Com capacidade para 1250 pessoas, o Restaurante Universit\u00e1rio, no c\u00e2mpus da UFLA, \u00e9 uma op\u00e7\u00e3o acess\u00edvel e adequada \u00e0 comunidade acad\u00eamica. <a href=\"https:\/\/prape.ufla.br\/servicos-em-destaque\/restaurante-universitario\">Veja informa\u00e7\u00f5es sobre o Restaurante Universit\u00e1rio aqui.<\/a><\/p>\n<\/div>\n<div class=\"su-tabs-pane su-u-clearfix su-u-trim\" data-title=\"Restaurantes e lanchonetes\">\n<h2>Restaurantes e lanchonetes<\/h2>\n<p>Tamb\u00e9m h\u00e1, no c\u00e2mpus, op\u00e7\u00f5es de refei\u00e7\u00f5es no Centro de Conviv\u00eancia (antes Cantina Central)\u00a0e em duas lanchonetes no c\u00e2mpus: uma entre os Departamentos de Biologia (DBI) e de Ci\u00eancias Humanas (DCH) e outra no estacionamento em frente ao Sal\u00e3o de Conven\u00e7\u00f5es, pr\u00f3xima aos Departamentos de Zootecnia (DZO) e de Medicina Veterin\u00e1ria (DMV).<\/p>\n<\/div><\/div><\/div>\n<!-- AddThis Advanced Settings generic via filter on the_content --><!-- AddThis Share Buttons generic via filter on the_content -->","protected":false},"excerpt":{"rendered":"<p><!-- AddThis Advanced Settings generic via filter on get_the_excerpt --><!-- AddThis Share Buttons generic via filter on get_the_excerpt --><\/p>\n","protected":false},"author":2,"featured_media":0,"parent":10,"menu_order":0,"comment_status":"closed","ping_status":"closed","template":"","meta":{"footnotes":""},"class_list":["post-28","page","type-page","status-publish","hentry"],"_links":{"self":[{"href":"https:\/\/ufla.br\/calouros\/wp-json\/wp\/v2\/pages\/28","targetHints":{"allow":["GET"]}}],"collection":[{"href":"https:\/\/ufla.br\/calouros\/wp-json\/wp\/v2\/pages"}],"about":[{"href":"https:\/\/ufla.br\/calouros\/wp-json\/wp\/v2\/types\/page"}],"author":[{"embeddable":true,"href":"https:\/\/ufla.br\/calouros\/wp-json\/wp\/v2\/users\/2"}],"replies":[{"embeddable":true,"href":"https:\/\/ufla.br\/calouros\/wp-json\/wp\/v2\/comments?post=28"}],"version-history":[{"count":9,"href":"https:\/\/ufla.br\/calouros\/wp-json\/wp\/v2\/pages\/28\/revisions"}],"predecessor-version":[{"id":2224,"href":"https:\/\/ufla.br\/calouros\/wp-json\/wp\/v2\/pages\/28\/revisions\/2224"}],"up":[{"embeddable":true,"href":"https:\/\/ufla.br\/calouros\/wp-json\/wp\/v2\/pages\/10"}],"wp:attachment":[{"href":"https:\/\/ufla.br\/calouros\/wp-json\/wp\/v2\/media?parent=28"}],"curies":[{"name":"wp","href":"https:\/\/api.w.org\/{rel}","templated":true}]}}