{"id":30,"date":"2014-07-23T17:31:55","date_gmt":"2014-07-23T17:31:55","guid":{"rendered":"http:\/\/ufla.br\/calouros\/?page_id=30"},"modified":"2025-03-13T10:52:57","modified_gmt":"2025-03-13T13:52:57","slug":"transporte","status":"publish","type":"page","link":"https:\/\/ufla.br\/calouros\/morando-em-lavras\/transporte\/","title":{"rendered":"Transporte"},"content":{"rendered":"<div class=\"su-tabs su-tabs-style-default su-tabs-mobile-stack my-custom-tabs\" data-active=\"1\" data-scroll-offset=\"0\" data-anchor-in-url=\"no\"><div class=\"su-tabs-nav\"><span class=\"\" data-url=\"\" data-target=\"blank\" tabindex=\"0\" role=\"button\">\u00d4nibus<\/span><span class=\"\" data-url=\"\" data-target=\"blank\" tabindex=\"0\" role=\"button\">T\u00e1xi<\/span><span class=\"\" data-url=\"\" data-target=\"blank\" tabindex=\"0\" role=\"button\">Transporte Interno<\/span><span class=\"\" data-url=\"\" data-target=\"blank\" tabindex=\"0\" role=\"button\">Carona<\/span><span class=\"\" data-url=\"\" data-target=\"blank\" tabindex=\"0\" role=\"button\">Transporte rodovi\u00e1rio<\/span><\/div><div class=\"su-tabs-panes\"><div class=\"su-tabs-pane su-u-clearfix su-u-trim\" data-title=\"\u00d4nibus\">\n<h2 style=\"color: #333333;\">\u00d4nibus urbano<\/h2>\n<p style=\"color: #333333;\"><img loading=\"lazy\" decoding=\"async\" class=\"alignright wp-image-259 size-medium\" src=\"http:\/\/ufla.br\/calouros\/wp-content\/uploads\/2014\/07\/IMG_0165-300x200.jpg\" alt=\"ponto de \u00f4nibus na UFLA\" width=\"300\" height=\"200\" srcset=\"https:\/\/ufla.br\/calouros\/wp-content\/uploads\/2014\/07\/IMG_0165-300x200.jpg 300w, https:\/\/ufla.br\/calouros\/wp-content\/uploads\/2014\/07\/IMG_0165-1024x682.jpg 1024w\" sizes=\"auto, (max-width: 300px) 100vw, 300px\" \/>Algumas linhas de \u00f4nibus urbano passam pela UFLA, trazendo comodidade sobretudo a quem mora em bairros mais distantes do c\u00e2mpus. Os hor\u00e1rios e itiner\u00e1rios podem ser conferidos em:\u00a0<a href=\"http:\/\/meubuse.com.br\/horarios\" target=\"_blank\" rel=\"noopener noreferrer\">MeuBuse<\/a><\/p>\n<hr \/>\n<\/div>\n<div class=\"su-tabs-pane su-u-clearfix su-u-trim\" data-title=\"T\u00e1xi\">\n<h2>Pontos de t\u00e1xi<\/h2>\n<p>Pra\u00e7a Dr. Augusto Silva (Centro):<br \/>\n<strong>(35) 3821-1405<\/strong><\/p>\n<p>Pra\u00e7a Dr. Augusto Silva (Centro):<br \/>\n<strong>(35) 3821-6470<\/strong><\/p>\n<p>Pra\u00e7a Dr. Jos\u00e9 Esteves (Zona Norte):<br \/>\n<strong>(35) 3821-6340<\/strong><\/p>\n<p>Pra\u00e7a Dr. Jorge (Gammon, pr\u00f3ximo \u00e0 UFLA):<br \/>\n<strong>(35) 3821-0937<\/strong><\/p>\n<p>Terminal Rodovi\u00e1rio:<br \/>\n<strong>(35) 3821-7411<\/strong><\/p>\n<\/div>\n<div class=\"su-tabs-pane su-u-clearfix su-u-trim\" data-title=\"Transporte Interno\">\n<h2 style=\"color: #333333;\">Mamute e Elefantinho<\/h2>\n<figure id=\"attachment_560\" aria-describedby=\"caption-attachment-560\" style=\"width: 300px\" class=\"wp-caption alignright\"><a href=\"http:\/\/ufla.br\/calouros\/wp-content\/uploads\/2014\/07\/mamute.jpg\"><img loading=\"lazy\" decoding=\"async\" class=\"size-medium wp-image-560\" src=\"http:\/\/ufla.br\/calouros\/wp-content\/uploads\/2014\/07\/mamute-300x200.jpg\" alt=\"\u00d4nibus articulado da UFLA, j\u00e1 apelidado de &quot;Mamute&quot;\" width=\"300\" height=\"200\" srcset=\"https:\/\/ufla.br\/calouros\/wp-content\/uploads\/2014\/07\/mamute-300x200.jpg 300w, https:\/\/ufla.br\/calouros\/wp-content\/uploads\/2014\/07\/mamute.jpg 900w\" sizes=\"auto, (max-width: 300px) 100vw, 300px\" \/><\/a><figcaption id=\"caption-attachment-560\" class=\"wp-caption-text\">\u00d4nibus articulado da UFLA, j\u00e1 apelidado de &#8220;Mamute&#8221;<\/figcaption><\/figure>\n<p style=\"color: #333333;\">A UFLA \u00e9 pioneira no oferecimento de transporte interno para a comunidade acad\u00eamica. Dois \u00f4nibus circulam alternadamente (o mamute, em hor\u00e1rios de maior movimento; e o elefantinho, quando a procura \u00e9 menor) nos dias letivos, de manh\u00e3 \u00e0 noite, no c\u00e2mpus. Aos s\u00e1bados, o \u00f4nibus circula intermitente no hor\u00e1rio de almo\u00e7o.<\/p>\n<p style=\"color: #333333;\">Eles levam estudantes e servidores da Portaria Principal ao c\u00e2mpus novo, conforme itiner\u00e1rios que podem ser vistos no link abaixo.<\/p>\n<p style=\"color: #333333;\"><strong>O servi\u00e7o \u00e9 gratuito.<\/strong> Se algu\u00e9m quiser te vender passagem para o elefantinho ou mamute, \u00e9 trote!<\/p>\n<hr \/>\n<p><a href=\"https:\/\/prograd.ufla.br\/horarios-de-onibus\" target=\"_blank\" rel=\"noopener noreferrer\"><strong>Hor\u00e1rio do \u00f4nibus circular interno (mamute e elefantinho)<\/strong><\/a><\/p>\n<\/div>\n<div class=\"su-tabs-pane su-u-clearfix su-u-trim\" data-title=\"Carona\">\n<h2>Pontos de carona<\/h2>\n<p><a href=\"http:\/\/ufla.br\/calouros\/wp-content\/uploads\/2014\/07\/Flyer-Carona.png\"><img loading=\"lazy\" decoding=\"async\" class=\"alignright wp-image-400\" src=\"http:\/\/ufla.br\/calouros\/wp-content\/uploads\/2014\/07\/Flyer-Carona.png\" alt=\"Flyer-Carona\" width=\"154\" height=\"220\" srcset=\"https:\/\/ufla.br\/calouros\/wp-content\/uploads\/2014\/07\/Flyer-Carona.png 225w, https:\/\/ufla.br\/calouros\/wp-content\/uploads\/2014\/07\/Flyer-Carona-210x300.png 210w\" sizes=\"auto, (max-width: 154px) 100vw, 154px\" \/><\/a>\u00c0 primeira vista, chama a aten\u00e7\u00e3o os itens de sinaliza\u00e7\u00e3o pelo c\u00e2mpus demarcando pontos de carona. Para ir \u00e0 UFLA, h\u00e1 pontos na Portaria e tamb\u00e9m pela cidade, informais.<\/p>\n<p>Para ir do c\u00e2mpus \u00e0 cidade, tamb\u00e9m foram instalados pontos na Avenida Principal da UFLA. A Coordenadoria de Vigil\u00e2ncia Patrimonial\u00a0faz alguns alertas para o bom uso dos pontos de carona: <a href=\"http:\/\/www.vigilancia.ufla.br\/site\/campanhas-educativas\/transito\/pontos-de-carona\/\" target=\"_blank\" rel=\"noopener noreferrer\">Coordenadoria de Vigil\u00e2ncia Patrimonial \u2013 CVP\u00a0<\/a><\/p>\n<\/div>\n<div class=\"su-tabs-pane su-u-clearfix su-u-trim\" data-title=\"Transporte rodovi\u00e1rio\">\n<h2>Transporte rodovi\u00e1rio<\/h2>\n<p>Confira as empresas de \u00f4nibus presentes no Terminal Rodovi\u00e1rio de Lavras e os itiner\u00e1rios em seus sites:<\/p>\n<ul>\n<li><strong>Gontijo &#8211;<\/strong> 3821-9333 &#8211;\u00a0<a href=\"http:\/\/www.gontijo.com.br\/\">www.gontijo.com.br<\/a><\/li>\n<li><strong>Gardenia &#8211;<\/strong> 0800-0302000 &#8211;\u00a0<a href=\"http:\/\/www.expressogardenia.com.br\/\">www.expressogardenia.com.br<\/a><\/li>\n<li><strong>Sampaio &#8211;<\/strong> 3821-9099 &#8211;\u00a0<a href=\"http:\/\/viacaosampaio.com.br\/\">viacaosampaio.com.br<\/a><\/li>\n<li><strong>Transur &#8211;<\/strong> 3821-8887 &#8211;\u00a0<a href=\"http:\/\/www.transur.com.br\/\">www.transur.com.br<\/a><\/li>\n<li><strong>Sertaneja\/S\u00e3o Crist\u00f3v\u00e3o &#8211;<\/strong> 3821-7250 &#8211;\u00a0<a href=\"http:\/\/www.viacaosertaneja.com.br\/\">www.viacaosertaneja.com.br<\/a><\/li>\n<\/ul>\n<\/div><\/div><\/div>\n<!-- AddThis Advanced Settings generic via filter on the_content --><!-- AddThis Share Buttons generic via filter on the_content -->","protected":false},"excerpt":{"rendered":"<p><!-- AddThis Advanced Settings generic via filter on get_the_excerpt --><!-- AddThis Share Buttons generic via filter on get_the_excerpt --><\/p>\n","protected":false},"author":2,"featured_media":0,"parent":10,"menu_order":0,"comment_status":"closed","ping_status":"closed","template":"","meta":{"footnotes":""},"class_list":["post-30","page","type-page","status-publish","hentry"],"_links":{"self":[{"href":"https:\/\/ufla.br\/calouros\/wp-json\/wp\/v2\/pages\/30","targetHints":{"allow":["GET"]}}],"collection":[{"href":"https:\/\/ufla.br\/calouros\/wp-json\/wp\/v2\/pages"}],"about":[{"href":"https:\/\/ufla.br\/calouros\/wp-json\/wp\/v2\/types\/page"}],"author":[{"embeddable":true,"href":"https:\/\/ufla.br\/calouros\/wp-json\/wp\/v2\/users\/2"}],"replies":[{"embeddable":true,"href":"https:\/\/ufla.br\/calouros\/wp-json\/wp\/v2\/comments?post=30"}],"version-history":[{"count":33,"href":"https:\/\/ufla.br\/calouros\/wp-json\/wp\/v2\/pages\/30\/revisions"}],"predecessor-version":[{"id":2270,"href":"https:\/\/ufla.br\/calouros\/wp-json\/wp\/v2\/pages\/30\/revisions\/2270"}],"up":[{"embeddable":true,"href":"https:\/\/ufla.br\/calouros\/wp-json\/wp\/v2\/pages\/10"}],"wp:attachment":[{"href":"https:\/\/ufla.br\/calouros\/wp-json\/wp\/v2\/media?parent=30"}],"curies":[{"name":"wp","href":"https:\/\/api.w.org\/{rel}","templated":true}]}}