{"id":32,"date":"2014-07-23T17:32:58","date_gmt":"2014-07-23T17:32:58","guid":{"rendered":"http:\/\/ufla.br\/calouros\/?page_id=32"},"modified":"2025-03-13T08:21:37","modified_gmt":"2025-03-13T11:21:37","slug":"cultura-e-arte","status":"publish","type":"page","link":"https:\/\/ufla.br\/calouros\/morando-em-lavras\/cultura-e-arte\/","title":{"rendered":"Cultura e Lazer"},"content":{"rendered":"<p style=\"color: #333333;\"><div class=\"su-tabs su-tabs-style-default su-tabs-mobile-stack my-custom-tabs\" data-active=\"1\" data-scroll-offset=\"0\" data-anchor-in-url=\"no\"><div class=\"su-tabs-nav\"><span class=\"\" data-url=\"\" data-target=\"blank\" tabindex=\"0\" role=\"button\">Museus<\/span><span class=\"\" data-url=\"\" data-target=\"blank\" tabindex=\"0\" role=\"button\">Cultura<\/span><\/div><div class=\"su-tabs-panes\"><div class=\"su-tabs-pane su-u-clearfix su-u-trim\" data-title=\"Museus\">\n<h2>Museus<\/h2>\n<p><img decoding=\"async\" src=\"https:\/\/museus.ufla.br\/images\/images\/imagens_museu\/capa_original.jpeg\" \/><\/p>\n<p>No c\u00e2mpus hist\u00f3rico da UFLA, est\u00e3o o Museu Bi Moreira e o Museu de Hist\u00f3ria Natural. Inaugurado em 1983, o Bi Moreira tem um acervo com mais de 5 mil pe\u00e7as que registram a hist\u00f3ria de Lavras e regi\u00e3o.<\/p>\n<p>J\u00e1 o de Hist\u00f3ria Natural conta com um acervo de esp\u00e9cies conservadas e um \u201cmuseu vivo\u201d, com animais da fauna local. <a href=\"https:\/\/museus.ufla.br\/\">Saiba mais sobre os museus da UFLA acessando aqui<\/a>.<\/p>\n<p>Na Pra\u00e7a Dr. Augusto Silva (Centro), encontra-se nas depend\u00eancias da bicenten\u00e1ria Igreja do Ros\u00e1rio o Museu Sacro de Lavras. A igreja barroca foi constru\u00edda de 1751 a 1754 e \u00e9 tombada pelo patrim\u00f4nio hist\u00f3rico.<\/p>\n<p style=\"color: #333333;\"><\/div>\n<div class=\"su-tabs-pane su-u-clearfix su-u-trim\" data-title=\"Cultura\">\n<h2>Centro de Cultura<\/h2>\n<p><img decoding=\"async\" src=\"https:\/\/centrodecultura.ufla.br\/images\/banners\/centro-de-cultura-acad-3d-2-noite_1.jpg\" \/><\/p>\n<p>O Centro de Cultura da UFLA \u00e9 espa\u00e7o de encontro com a arte e a cultura. Nele s\u00e3o desenvolvidos projetos de ensino, pesquisa e extens\u00e3o nas diferentes linguagens art\u00edsticas e manifesta\u00e7\u00f5es culturais. <a href=\"https:\/\/centrodecultura.ufla.br\/\">Saiba quais as atividades est\u00e3o abertas a todos os p\u00fablicos acessando https:\/\/centrodecultura.ufla.br\/<\/a>.<\/p>\n<h2>Projeto Viv\u00eancia Cultural<\/h2>\n<p><a href=\"https:\/\/ufla.br\/calouros\/wp-content\/uploads\/2025\/03\/IMG_5789.jpg\"><img loading=\"lazy\" decoding=\"async\" class=\"aligncenter size-full wp-image-2248\" src=\"https:\/\/ufla.br\/calouros\/wp-content\/uploads\/2025\/03\/IMG_5789.jpg\" alt=\"\" width=\"1024\" height=\"682\" srcset=\"https:\/\/ufla.br\/calouros\/wp-content\/uploads\/2025\/03\/IMG_5789.jpg 1024w, https:\/\/ufla.br\/calouros\/wp-content\/uploads\/2025\/03\/IMG_5789-300x200.jpg 300w, https:\/\/ufla.br\/calouros\/wp-content\/uploads\/2025\/03\/IMG_5789-768x512.jpg 768w\" sizes=\"auto, (max-width: 1024px) 100vw, 1024px\" \/><\/a><\/p>\n<p>Al\u00e9m do Centro de Cultura, o C\u00e2mpus Lavras conta com apresenta\u00e7\u00f5es art\u00edsticas e culturas que acontecem no Palco do Centro de Conviv\u00eancia da UFLA, conhecido como Palquinho. <a href=\"https:\/\/forms.gle\/QkVPzmJVmX6w42N77\">Para esse espa\u00e7o, tamb\u00e9m \u00e9 poss\u00edvel agendar sua apresenta\u00e7\u00e3o por meio do formul\u00e1rio de agendamento dispon\u00edvel acessando: https:\/\/forms.gle\/QkVPzmJVmX6w42N77<\/a><\/p>\n<h2>Casa da Cultura<\/h2>\n<p><img loading=\"lazy\" decoding=\"async\" class=\"aligncenter wp-image-406 size-full\" title=\"P\u00e1tio da Casa da Cultura de Lavras\" src=\"https:\/\/ufla.br\/calouros\/wp-content\/uploads\/2014\/07\/patio_da_casa_da_cultura.jpg\" alt=\"P\u00e1tio da Casa da Cultura de Lavras\" width=\"512\" height=\"339\" srcset=\"https:\/\/ufla.br\/calouros\/wp-content\/uploads\/2014\/07\/patio_da_casa_da_cultura.jpg 512w, https:\/\/ufla.br\/calouros\/wp-content\/uploads\/2014\/07\/patio_da_casa_da_cultura-300x198.jpg 300w\" sizes=\"auto, (max-width: 512px) 100vw, 512px\" \/><\/p>\n<p>A vida estudantil \u00e9 marcada por muitas atividades culturais, incluindo festas. Por\u00e9m, Lavras e regi\u00e3o apresentam mais alternativas.<\/p>\n<p>A <a href=\"http:\/\/comturlavras.blogspot.com.br\/p\/atrativos-turisticos.html\" target=\"_blank\" rel=\"noopener noreferrer\">Secretaria de Turismo<\/a> ofereceu algumas dicas. Tamb\u00e9m \u00e9 poss\u00edvel obter mais informa\u00e7\u00f5es\u00a0sobre a <a href=\"http:\/\/www.lavras.mg.gov.br\/portal\/index.php\/secretarias-e-orgaos\/cultura\" target=\"_blank\" rel=\"noopener noreferrer\">Secretaria de Cultura<\/a>\u00a0de Lavras.<\/p>\n<p style=\"color: #333333;\"><\/div><\/div><\/div>\n<!-- AddThis Advanced Settings generic via filter on the_content --><!-- AddThis Share Buttons generic via filter on the_content -->","protected":false},"excerpt":{"rendered":"<p><!-- AddThis Advanced Settings generic via filter on get_the_excerpt --><!-- AddThis Share Buttons generic via filter on get_the_excerpt --><\/p>\n","protected":false},"author":2,"featured_media":0,"parent":10,"menu_order":0,"comment_status":"closed","ping_status":"closed","template":"","meta":{"footnotes":""},"class_list":["post-32","page","type-page","status-publish","hentry"],"_links":{"self":[{"href":"https:\/\/ufla.br\/calouros\/wp-json\/wp\/v2\/pages\/32","targetHints":{"allow":["GET"]}}],"collection":[{"href":"https:\/\/ufla.br\/calouros\/wp-json\/wp\/v2\/pages"}],"about":[{"href":"https:\/\/ufla.br\/calouros\/wp-json\/wp\/v2\/types\/page"}],"author":[{"embeddable":true,"href":"https:\/\/ufla.br\/calouros\/wp-json\/wp\/v2\/users\/2"}],"replies":[{"embeddable":true,"href":"https:\/\/ufla.br\/calouros\/wp-json\/wp\/v2\/comments?post=32"}],"version-history":[{"count":21,"href":"https:\/\/ufla.br\/calouros\/wp-json\/wp\/v2\/pages\/32\/revisions"}],"predecessor-version":[{"id":2254,"href":"https:\/\/ufla.br\/calouros\/wp-json\/wp\/v2\/pages\/32\/revisions\/2254"}],"up":[{"embeddable":true,"href":"https:\/\/ufla.br\/calouros\/wp-json\/wp\/v2\/pages\/10"}],"wp:attachment":[{"href":"https:\/\/ufla.br\/calouros\/wp-json\/wp\/v2\/media?parent=32"}],"curies":[{"name":"wp","href":"https:\/\/api.w.org\/{rel}","templated":true}]}}