{"id":34,"date":"2014-07-23T17:34:06","date_gmt":"2014-07-23T17:34:06","guid":{"rendered":"http:\/\/ufla.br\/calouros\/?page_id=34"},"modified":"2025-03-12T16:14:16","modified_gmt":"2025-03-12T19:14:16","slug":"servicos-de-saude","status":"publish","type":"page","link":"https:\/\/ufla.br\/calouros\/morando-em-lavras\/servicos-de-saude\/","title":{"rendered":"Servi\u00e7os de Sa\u00fade"},"content":{"rendered":"<p style=\"color: #333333;\"><div class=\"su-tabs su-tabs-style-default su-tabs-mobile-stack my-custom-tabs\" data-active=\"1\" data-scroll-offset=\"0\" data-anchor-in-url=\"no\"><div class=\"su-tabs-nav\"><span class=\"\" data-url=\"\" data-target=\"blank\" tabindex=\"0\" role=\"button\">Hospitais<\/span><span class=\"\" data-url=\"\" data-target=\"blank\" tabindex=\"0\" role=\"button\">Servi\u00e7os de sa\u00fade na UFLA<\/span><\/div><div class=\"su-tabs-panes\"><div class=\"su-tabs-pane su-u-clearfix su-u-trim\" data-title=\"Hospitais\">\n<h2>Sa\u00fade<\/h2>\n<p>N\u00f3s esperamos que todos os estudantes passem pela vida estudantil sem problemas de sa\u00fade, mas, no caso de precisarem, seguem alguns contatos de hospitais e de servi\u00e7os de sa\u00fade na cidade:<\/p>\n<p><strong>Hospital Vaz Monteiro<\/strong><br \/>\nR. Costa Pereira, 125, Centen\u00e1rio<br \/>\n(35) 3829 &#8211; 2600<\/p>\n<p><strong>Santa Casa de Miseric\u00f3rdia de Lavras<\/strong><br \/>\nR. Misseno de P\u00e1dua, 334, Centro<br \/>\n(35) 3821-1195 e (35) 3821-1195<\/p>\n<p><strong>UPA (Unidade de Pronto Atendimento)<\/strong><br \/>\nAv. Ernesto Matioli, 885, Santa Efig\u00eania<br \/>\n(35) 3821 \u2013 0009<\/p>\n<p style=\"color: #333333;\"><\/div>\n<div class=\"su-tabs-pane su-u-clearfix su-u-trim\" data-title=\"Servi\u00e7os de sa\u00fade na UFLA\">\n<h2>Servi\u00e7os de sa\u00fade na UFLA<\/h2>\n<p>A Coordenadoria de Sa\u00fade da UFLA, vinculada \u00e0 Pr\u00f3-Reitoria de Apoio \u00e0 Perman\u00eancia Estudantil (PRAPE), oferece servi\u00e7os de assist\u00eancia \u00e0 comunidade acad\u00eamica, incluindo consultas m\u00e9dicas e odontol\u00f3gicas, apoio psicol\u00f3gico e psiqui\u00e1trico, al\u00e9m de atendimento especializado \u00e0 sa\u00fade da mulher, como a coleta do exame preventivo (Papanicolau).<\/p>\n<p>O ambulat\u00f3rio da UFLA, localizado no pr\u00e9dio das bandeiras, em frente \u00e0 Reitoria, \u00e9 destinado a atendimentos b\u00e1sicos de sa\u00fade, consultas cl\u00ednicas, procedimentos de enfermagem e, mensalmente, \u00e0 realiza\u00e7\u00e3o de testagens para Infec\u00e7\u00f5es Sexualmente Transmiss\u00edveis (ISTs). A Coordenadoria de Sa\u00fade est\u00e1 situada no C\u00e2mpus Hist\u00f3rico, pr\u00f3ximo \u00e0 PRAPE, e funciona de segunda a quinta-feira, das 7h \u00e0s 17h, e \u00e0s sextas-feiras, das 7h \u00e0s 16h.<\/p>\n<p><a href=\"http:\/\/prape.ufla.br\/coordenadoria-saude\">Para informa\u00e7\u00f5es sobre agendamentos e servi\u00e7os, acesse: Coordenadoria de Sa\u00fade.<\/a><\/p>\n<\/div><\/div><\/div>\n<h2 style=\"color: #333333;\"><\/h2>\n<!-- AddThis Advanced Settings generic via filter on the_content --><!-- AddThis Share Buttons generic via filter on the_content -->","protected":false},"excerpt":{"rendered":"<p><!-- AddThis Advanced Settings generic via filter on get_the_excerpt --><!-- AddThis Share Buttons generic via filter on get_the_excerpt --><\/p>\n","protected":false},"author":2,"featured_media":0,"parent":10,"menu_order":0,"comment_status":"closed","ping_status":"closed","template":"","meta":{"footnotes":""},"class_list":["post-34","page","type-page","status-publish","hentry"],"_links":{"self":[{"href":"https:\/\/ufla.br\/calouros\/wp-json\/wp\/v2\/pages\/34","targetHints":{"allow":["GET"]}}],"collection":[{"href":"https:\/\/ufla.br\/calouros\/wp-json\/wp\/v2\/pages"}],"about":[{"href":"https:\/\/ufla.br\/calouros\/wp-json\/wp\/v2\/types\/page"}],"author":[{"embeddable":true,"href":"https:\/\/ufla.br\/calouros\/wp-json\/wp\/v2\/users\/2"}],"replies":[{"embeddable":true,"href":"https:\/\/ufla.br\/calouros\/wp-json\/wp\/v2\/comments?post=34"}],"version-history":[{"count":15,"href":"https:\/\/ufla.br\/calouros\/wp-json\/wp\/v2\/pages\/34\/revisions"}],"predecessor-version":[{"id":2237,"href":"https:\/\/ufla.br\/calouros\/wp-json\/wp\/v2\/pages\/34\/revisions\/2237"}],"up":[{"embeddable":true,"href":"https:\/\/ufla.br\/calouros\/wp-json\/wp\/v2\/pages\/10"}],"wp:attachment":[{"href":"https:\/\/ufla.br\/calouros\/wp-json\/wp\/v2\/media?parent=34"}],"curies":[{"name":"wp","href":"https:\/\/api.w.org\/{rel}","templated":true}]}}