{"id":46,"date":"2014-07-23T17:41:26","date_gmt":"2014-07-23T17:41:26","guid":{"rendered":"http:\/\/ufla.br\/calouros\/?page_id=46"},"modified":"2020-09-10T09:36:05","modified_gmt":"2020-09-10T12:36:05","slug":"recepcao-dos-calouros","status":"publish","type":"page","link":"https:\/\/ufla.br\/calouros\/vivendo-na-ufla\/recepcao-dos-calouros\/","title":{"rendered":"Recep\u00e7\u00e3o de Calouros"},"content":{"rendered":"<p>A cada semestre, a UFLA recepciona os estudantes ingressantes com uma programa\u00e7\u00e3o, que envolve um encontro com a Dire\u00e7\u00e3o Executiva, reuni\u00e3o com a coordena\u00e7\u00e3o de curso e oficina de integra\u00e7\u00e3o, entre outras atividades.<\/p>\n<p>A presen\u00e7a na Semana de Recep\u00e7\u00e3o de Calouros \u00e9 obrigat\u00f3ria todos os dias, de acordo com a resolu\u00e7\u00e3o 473 do Conselho de Ensino, Pesquisa e Extens\u00e3o (CEPE). Caso o estudante n\u00e3o possa comparecer, deve apresentar justificativa junto \u00e0 Pr\u00f3-Reitoria de Gradua\u00e7\u00e3o. Em seu Art. 41, a resolu\u00e7\u00e3o disp\u00f5e que:<\/p>\n<p style=\"padding-left: 30px;\"><em>&#8220;\u00a7 1\u00ba O estudante ingressante que, sem justificativa, deixar de frequentar atividades previstas para a Recep\u00e7\u00e3o de Calouros ser\u00e1 automaticamente desvinculado do curso e da Universidade e ser\u00e1 convocado para matr\u00edcula o candidato imediatamente subsequente na lista de classifica\u00e7\u00e3o.<\/em><br \/>\n<em>\u00a7 2\u00ba A justificativa referida no par\u00e1grafo anterior dever\u00e1 ser protocolada na Pr\u00f3-Reitoria de Gradua\u00e7\u00e3o, ou em setor por ela designado, no prazo\u00a0<\/em><em>m\u00e1ximo de at\u00e9 2 (dois) dias \u00fateis ap\u00f3s a falta na atividade da Recep\u00e7\u00e3o de Calouros.&#8221;<\/em><\/p>\n<p>(<a href=\"https:\/\/prograd.ufla.br\/discentes\/recepcao-de-calouros\">O formul\u00e1rio para justificativa de aus\u00eancia est\u00e1 dispon\u00edvel no site da\u00a0Pr\u00f3-Reitoria de Gradua\u00e7\u00e3o<\/a>).<\/p>\n<!-- AddThis Advanced Settings generic via filter on the_content --><!-- AddThis Share Buttons generic via filter on the_content -->","protected":false},"excerpt":{"rendered":"<p>A cada semestre, a UFLA recepciona os estudantes ingressantes com uma programa\u00e7\u00e3o, que envolve um encontro com a Dire\u00e7\u00e3o Executiva, reuni\u00e3o com a coordena\u00e7\u00e3o de curso e oficina de integra\u00e7\u00e3o, entre outras atividades. A presen\u00e7a na Semana de Recep\u00e7\u00e3o de<!-- AddThis Advanced Settings generic via filter on get_the_excerpt --><!-- AddThis Share Buttons generic via filter on get_the_excerpt --><\/p>\n","protected":false},"author":2,"featured_media":0,"parent":14,"menu_order":0,"comment_status":"closed","ping_status":"closed","template":"","meta":{"footnotes":""},"class_list":["post-46","page","type-page","status-publish","hentry"],"_links":{"self":[{"href":"https:\/\/ufla.br\/calouros\/wp-json\/wp\/v2\/pages\/46","targetHints":{"allow":["GET"]}}],"collection":[{"href":"https:\/\/ufla.br\/calouros\/wp-json\/wp\/v2\/pages"}],"about":[{"href":"https:\/\/ufla.br\/calouros\/wp-json\/wp\/v2\/types\/page"}],"author":[{"embeddable":true,"href":"https:\/\/ufla.br\/calouros\/wp-json\/wp\/v2\/users\/2"}],"replies":[{"embeddable":true,"href":"https:\/\/ufla.br\/calouros\/wp-json\/wp\/v2\/comments?post=46"}],"version-history":[{"count":26,"href":"https:\/\/ufla.br\/calouros\/wp-json\/wp\/v2\/pages\/46\/revisions"}],"predecessor-version":[{"id":1688,"href":"https:\/\/ufla.br\/calouros\/wp-json\/wp\/v2\/pages\/46\/revisions\/1688"}],"up":[{"embeddable":true,"href":"https:\/\/ufla.br\/calouros\/wp-json\/wp\/v2\/pages\/14"}],"wp:attachment":[{"href":"https:\/\/ufla.br\/calouros\/wp-json\/wp\/v2\/media?parent=46"}],"curies":[{"name":"wp","href":"https:\/\/api.w.org\/{rel}","templated":true}]}}