{"id":48,"date":"2014-07-23T17:42:39","date_gmt":"2014-07-23T17:42:39","guid":{"rendered":"http:\/\/ufla.br\/calouros\/?page_id=48"},"modified":"2025-03-13T10:45:25","modified_gmt":"2025-03-13T13:45:25","slug":"transportes-internos","status":"publish","type":"page","link":"https:\/\/ufla.br\/calouros\/vivendo-na-ufla\/situe-se-no-campus\/transportes-internos\/","title":{"rendered":"Transportes Internos"},"content":{"rendered":"<div class=\"su-tabs su-tabs-style-default su-tabs-mobile-stack my-custom-tabs\" data-active=\"1\" data-scroll-offset=\"0\" data-anchor-in-url=\"no\"><div class=\"su-tabs-nav\"><span class=\"\" data-url=\"\" data-target=\"blank\" tabindex=\"0\" role=\"button\">Mamute e Elefantinho<\/span><span class=\"\" data-url=\"\" data-target=\"blank\" tabindex=\"0\" role=\"button\">\u00d4nibus urbano<\/span><span class=\"\" data-url=\"\" data-target=\"blank\" tabindex=\"0\" role=\"button\">Pontos de carona<\/span><\/div><div class=\"su-tabs-panes\"><div class=\"su-tabs-pane su-u-clearfix su-u-trim\" data-title=\"Mamute e Elefantinho\">\n<p><img loading=\"lazy\" decoding=\"async\" class=\"alignright size-medium wp-image-513\" src=\"http:\/\/ufla.br\/calouros\/wp-content\/uploads\/2014\/07\/DSC02076-300x200.jpg\" alt=\"SONY DSC\" width=\"300\" height=\"200\" srcset=\"https:\/\/ufla.br\/calouros\/wp-content\/uploads\/2014\/07\/DSC02076-300x200.jpg 300w, https:\/\/ufla.br\/calouros\/wp-content\/uploads\/2014\/07\/DSC02076-1024x685.jpg 1024w\" sizes=\"auto, (max-width: 300px) 100vw, 300px\" \/>A UFLA \u00e9 pioneira no oferecimento de transporte interno para a comunidade acad\u00eamica. Dois \u00f4nibus circulam alternadamente (o mamute, em hor\u00e1rios de maior movimento; e o elefantinho, quando a procura \u00e9 menor) nos dias letivos, de manh\u00e3 \u00e0 noite, no c\u00e2mpus. Eles levam estudantes e servidores da Portaria Principal ao c\u00e2mpus novo, conforme itiner\u00e1rios que podem ser vistos no link abaixo.<\/p>\n<p>O servi\u00e7o \u00e9 gratuito. Se algu\u00e9m quiser te vender passagem para o elefantinho ou mamute, \u00e9 trote!<\/p>\n<p><a href=\"https:\/\/prograd.ufla.br\/horarios-de-onibus\" target=\"_blank\" rel=\"noopener noreferrer\">Hor\u00e1rio do \u00f4nibus circular interno (mamute e elefantinho)<\/a><\/p>\n<\/div>\n<div class=\"su-tabs-pane su-u-clearfix su-u-trim\" data-title=\"\u00d4nibus urbano\">\n<p><a href=\"http:\/\/ufla.br\/calouros\/wp-content\/uploads\/2014\/07\/IMG_0165.jpg\"><img loading=\"lazy\" decoding=\"async\" class=\"alignleft size-medium wp-image-259\" src=\"http:\/\/ufla.br\/calouros\/wp-content\/uploads\/2014\/07\/IMG_0165-300x200.jpg\" alt=\"ponto de \u00f4nibus na UFLA\" width=\"300\" height=\"200\" srcset=\"https:\/\/ufla.br\/calouros\/wp-content\/uploads\/2014\/07\/IMG_0165-300x200.jpg 300w, https:\/\/ufla.br\/calouros\/wp-content\/uploads\/2014\/07\/IMG_0165-1024x682.jpg 1024w\" sizes=\"auto, (max-width: 300px) 100vw, 300px\" \/><\/a><br \/>\n<a href=\"http:\/\/meubuse.com.br\/\">Algumas linhas de \u00f4nibus urbano passam pela UFLA<\/a>, trazendo comodidade sobretudo a quem mora em bairros mais distantes do c\u00e2mpus. Os hor\u00e1rios e itiner\u00e1rios podem ser conferidos no site:\u00a0<a href=\"http:\/\/meubuse.com.br\/\" target=\"_blank\" rel=\"noopener noreferrer\">http:\/\/meubuse.com.br\/<\/a><\/p>\n<\/div>\n<div class=\"su-tabs-pane su-u-clearfix su-u-trim\" data-title=\"Pontos de carona\">\n<p>\u00c0 primeira vista, chama a aten\u00e7\u00e3o os itens de sinaliza\u00e7\u00e3o pelo c\u00e2mpus demarcando pontos de carona. Para ir \u00e0 UFLA, h\u00e1 pontos na Portaria e tamb\u00e9m pela cidade, informais. Para ir do c\u00e2mpus \u00e0 cidade, tamb\u00e9m foram instalados pontos na Avenida Principal da UFLA.<br \/>\n<a href=\"http:\/\/www.vigilancia.ufla.br\/site\/campanhas-educativas\/transito\/pontos-de-carona\" data-wplink-edit=\"true\">A Coordenadoria de Vigil\u00e2ncia ao Patrim\u00f4nio faz alguns alertas para o bom uso dos pontos de carona: https:\/\/www.vigilancia.ufla.br\/site\/campanhas-educativas\/transito\/pontos-de-carona<\/a><\/p>\n<p><a href=\"http:\/\/www.vigilancia.ufla.br\/site\/wp-content\/uploads\/2014\/02\/Flyer-Carona-Vers%C3%A3o-Final.pdf\" target=\"_blank\" rel=\"noopener noreferrer\"><img loading=\"lazy\" decoding=\"async\" class=\"aligncenter wp-image-400 size-full\" src=\"https:\/\/ufla.br\/calouros\/wp-content\/uploads\/2014\/07\/Flyer-Carona.png\" alt=\"Flyer-Carona\" width=\"225\" height=\"321\" srcset=\"https:\/\/ufla.br\/calouros\/wp-content\/uploads\/2014\/07\/Flyer-Carona.png 225w, https:\/\/ufla.br\/calouros\/wp-content\/uploads\/2014\/07\/Flyer-Carona-210x300.png 210w\" sizes=\"auto, (max-width: 225px) 100vw, 225px\" \/><\/a><\/p>\n<\/div><\/div><\/div>\n<!-- AddThis Advanced Settings generic via filter on the_content --><!-- AddThis Share Buttons generic via filter on the_content -->","protected":false},"excerpt":{"rendered":"<p><!-- AddThis Advanced Settings generic via filter on get_the_excerpt --><!-- AddThis Share Buttons generic via filter on get_the_excerpt --><\/p>\n","protected":false},"author":2,"featured_media":0,"parent":417,"menu_order":0,"comment_status":"closed","ping_status":"closed","template":"","meta":{"footnotes":""},"class_list":["post-48","page","type-page","status-publish","hentry"],"_links":{"self":[{"href":"https:\/\/ufla.br\/calouros\/wp-json\/wp\/v2\/pages\/48","targetHints":{"allow":["GET"]}}],"collection":[{"href":"https:\/\/ufla.br\/calouros\/wp-json\/wp\/v2\/pages"}],"about":[{"href":"https:\/\/ufla.br\/calouros\/wp-json\/wp\/v2\/types\/page"}],"author":[{"embeddable":true,"href":"https:\/\/ufla.br\/calouros\/wp-json\/wp\/v2\/users\/2"}],"replies":[{"embeddable":true,"href":"https:\/\/ufla.br\/calouros\/wp-json\/wp\/v2\/comments?post=48"}],"version-history":[{"count":17,"href":"https:\/\/ufla.br\/calouros\/wp-json\/wp\/v2\/pages\/48\/revisions"}],"predecessor-version":[{"id":2263,"href":"https:\/\/ufla.br\/calouros\/wp-json\/wp\/v2\/pages\/48\/revisions\/2263"}],"up":[{"embeddable":true,"href":"https:\/\/ufla.br\/calouros\/wp-json\/wp\/v2\/pages\/417"}],"wp:attachment":[{"href":"https:\/\/ufla.br\/calouros\/wp-json\/wp\/v2\/media?parent=48"}],"curies":[{"name":"wp","href":"https:\/\/api.w.org\/{rel}","templated":true}]}}