{"id":50,"date":"2014-07-23T17:43:13","date_gmt":"2014-07-23T17:43:13","guid":{"rendered":"http:\/\/ufla.br\/calouros\/?page_id=50"},"modified":"2016-04-05T15:21:07","modified_gmt":"2016-04-05T15:21:07","slug":"aprendendo-a-usar-o-sig","status":"publish","type":"page","link":"https:\/\/ufla.br\/calouros\/vivendo-na-ufla\/aprendendo-a-usar-o-sig\/","title":{"rendered":"Aprendendo a usar o SIG"},"content":{"rendered":"<p><a href=\"http:\/\/ufla.br\/calouros\/wp-content\/uploads\/2014\/07\/sig.jpg\"><img loading=\"lazy\" decoding=\"async\" class=\"alignleft wp-image-431 size-full\" src=\"http:\/\/ufla.br\/calouros\/wp-content\/uploads\/2014\/07\/sig.jpg\" alt=\"sig\" width=\"135\" height=\"96\" \/><\/a>O Sistema Integrado de Gest\u00e3o (SIG) \u00e9 um sistema informatizado que armazena todas as informa\u00e7\u00f5es acad\u00eamicas da UFLA, possibilitando a automatiza\u00e7\u00e3o de seus processos. O acesso ao SIG \u00e9 feito utilizando o login e senha definidos pelo aluno quando preenche os dados da matr\u00edcula.<\/p>\n<p>Depois que a matr\u00edcula \u00e9 validada, o candidato a aluno passa a ser efetivamente estudante da UFLA. Consequentemente, passar\u00e1 a utilizar o SIG e outros sistemas da institui\u00e7\u00e3o como aluno, realizando seu acesso atrav\u00e9s de seu e-mail institucional e senha.<\/p>\n<ul>\n<li><a href=\"http:\/\/ufla.br\/calouros\/vivendo-na-ufla\/aprendendo-a-usar-o-sig\/tutorial-sig\/\">Tutorial Sig<\/a><\/li>\n<\/ul>\n<!-- AddThis Advanced Settings generic via filter on the_content --><!-- AddThis Share Buttons generic via filter on the_content -->","protected":false},"excerpt":{"rendered":"<p>O Sistema Integrado de Gest\u00e3o (SIG) \u00e9 um sistema informatizado que armazena todas as informa\u00e7\u00f5es acad\u00eamicas da UFLA, possibilitando a automatiza\u00e7\u00e3o de seus processos. O acesso ao SIG \u00e9 feito utilizando o login e senha definidos pelo aluno quando preenche<!-- AddThis Advanced Settings generic via filter on get_the_excerpt --><!-- AddThis Share Buttons generic via filter on get_the_excerpt --><\/p>\n","protected":false},"author":2,"featured_media":0,"parent":14,"menu_order":0,"comment_status":"closed","ping_status":"closed","template":"","meta":{"footnotes":""},"class_list":["post-50","page","type-page","status-publish","hentry"],"_links":{"self":[{"href":"https:\/\/ufla.br\/calouros\/wp-json\/wp\/v2\/pages\/50","targetHints":{"allow":["GET"]}}],"collection":[{"href":"https:\/\/ufla.br\/calouros\/wp-json\/wp\/v2\/pages"}],"about":[{"href":"https:\/\/ufla.br\/calouros\/wp-json\/wp\/v2\/types\/page"}],"author":[{"embeddable":true,"href":"https:\/\/ufla.br\/calouros\/wp-json\/wp\/v2\/users\/2"}],"replies":[{"embeddable":true,"href":"https:\/\/ufla.br\/calouros\/wp-json\/wp\/v2\/comments?post=50"}],"version-history":[{"count":7,"href":"https:\/\/ufla.br\/calouros\/wp-json\/wp\/v2\/pages\/50\/revisions"}],"predecessor-version":[{"id":432,"href":"https:\/\/ufla.br\/calouros\/wp-json\/wp\/v2\/pages\/50\/revisions\/432"}],"up":[{"embeddable":true,"href":"https:\/\/ufla.br\/calouros\/wp-json\/wp\/v2\/pages\/14"}],"wp:attachment":[{"href":"https:\/\/ufla.br\/calouros\/wp-json\/wp\/v2\/media?parent=50"}],"curies":[{"name":"wp","href":"https:\/\/api.w.org\/{rel}","templated":true}]}}