{"id":52,"date":"2014-07-23T17:43:59","date_gmt":"2014-07-23T17:43:59","guid":{"rendered":"http:\/\/ufla.br\/calouros\/?page_id=52"},"modified":"2020-09-14T08:51:42","modified_gmt":"2020-09-14T11:51:42","slug":"trote-e-trote-solidario","status":"publish","type":"page","link":"https:\/\/ufla.br\/calouros\/vivendo-na-ufla\/trote-e-trote-solidario\/","title":{"rendered":"Trote"},"content":{"rendered":"<p>Para evitar abusos frequentemente registrados em eventos que envolvem veteranos e calouros, a pr\u00e1tica do trote foi proibida na UFLA, tanto dentro quanto fora do c\u00e2mpus, podendo resultar at\u00e9 em desligamento dos envolvidos. A Resolu\u00e7\u00e3o 067\/2008 do Conselho Universit\u00e1rio da UFLA (Cuni) pro\u00edbe qualquer tipo de ato estudantil que cause, a quem quer que seja, agress\u00e3o f\u00edsica, moral ou qualquer forma de constrangimento, dentro e fora do espa\u00e7o f\u00edsico da UFLA.<\/p>\n<p>Tanto o estudante que aplica o trote quanto aquele que recebe (e n\u00e3o denuncia) podem ser punidos. O documento tamb\u00e9m diz respeito a professores, t\u00e9cnicos administrativos e estudantes que testemunharem atos de trote no c\u00e2mpus ou em locais de atividades acad\u00eamicas. Caso n\u00e3o denunciem, poder\u00e3o ser considerados omissos e se sujeitarem a responder o processo administrativo disciplinar.<\/p>\n<p>No caso dos estudantes, a transgress\u00e3o pode levar \u00e0 suspens\u00e3o ou desligamento da Institui\u00e7\u00e3o, penalidades previstas no Regime Disciplinar do Corpo Discente. Quanto aos servidores, as penalidades est\u00e3o previstas no Regime Jur\u00eddico \u00danico.<\/p>\n<p>Os professores, t\u00e9cnicos administrativos, funcion\u00e1rios e estudantes que testemunharem a pr\u00e1tica de trote no c\u00e2mpus Universit\u00e1rio ou em locais de atividades acad\u00eamicas e n\u00e3o denunciarem \u00e0s autoridades competentes poder\u00e3o ser considerados omissos e se sujeitarem a responder processo administrativo disciplinar.<\/p>\n<p><strong>Den\u00fancias sobre trotes podem ser feitas\u00a0\u00e0 UFLA pelo telefone:\u00a0(35)3829-<em>1154.<\/em><\/strong><\/p>\n<p>A UFLA apoia o Trote Solid\u00e1rio, que promove a integra\u00e7\u00e3o de maneira saud\u00e1vel, ao mesmo tempo de a\u00e7\u00f5es ben\u00e9ficas. Participe!<\/p>\n<p>&nbsp;<\/p>\n<p>&nbsp;<\/p>\n<p>&nbsp;<\/p>\n<!-- AddThis Advanced Settings generic via filter on the_content --><!-- AddThis Share Buttons generic via filter on the_content -->","protected":false},"excerpt":{"rendered":"<p>Para evitar abusos frequentemente registrados em eventos que envolvem veteranos e calouros, a pr\u00e1tica do trote foi proibida na UFLA, tanto dentro quanto fora do c\u00e2mpus, podendo resultar at\u00e9 em desligamento dos envolvidos. A Resolu\u00e7\u00e3o 067\/2008 do Conselho Universit\u00e1rio da<!-- AddThis Advanced Settings generic via filter on get_the_excerpt --><!-- AddThis Share Buttons generic via filter on get_the_excerpt --><\/p>\n","protected":false},"author":2,"featured_media":0,"parent":14,"menu_order":0,"comment_status":"closed","ping_status":"closed","template":"","meta":{"footnotes":""},"class_list":["post-52","page","type-page","status-publish","hentry"],"_links":{"self":[{"href":"https:\/\/ufla.br\/calouros\/wp-json\/wp\/v2\/pages\/52","targetHints":{"allow":["GET"]}}],"collection":[{"href":"https:\/\/ufla.br\/calouros\/wp-json\/wp\/v2\/pages"}],"about":[{"href":"https:\/\/ufla.br\/calouros\/wp-json\/wp\/v2\/types\/page"}],"author":[{"embeddable":true,"href":"https:\/\/ufla.br\/calouros\/wp-json\/wp\/v2\/users\/2"}],"replies":[{"embeddable":true,"href":"https:\/\/ufla.br\/calouros\/wp-json\/wp\/v2\/comments?post=52"}],"version-history":[{"count":13,"href":"https:\/\/ufla.br\/calouros\/wp-json\/wp\/v2\/pages\/52\/revisions"}],"predecessor-version":[{"id":1732,"href":"https:\/\/ufla.br\/calouros\/wp-json\/wp\/v2\/pages\/52\/revisions\/1732"}],"up":[{"embeddable":true,"href":"https:\/\/ufla.br\/calouros\/wp-json\/wp\/v2\/pages\/14"}],"wp:attachment":[{"href":"https:\/\/ufla.br\/calouros\/wp-json\/wp\/v2\/media?parent=52"}],"curies":[{"name":"wp","href":"https:\/\/api.w.org\/{rel}","templated":true}]}}