{"id":54,"date":"2014-07-23T17:45:33","date_gmt":"2014-07-23T17:45:33","guid":{"rendered":"http:\/\/ufla.br\/calouros\/?page_id=54"},"modified":"2020-09-10T11:12:35","modified_gmt":"2020-09-10T14:12:35","slug":"calendario-e-manual-academico","status":"publish","type":"page","link":"https:\/\/ufla.br\/calouros\/vivendo-na-ufla\/calendario-e-manual-academico\/","title":{"rendered":"Calend\u00e1rio Letivo e Cronograma Acad\u00eamico"},"content":{"rendered":"<p>\u00c9 poss\u00edvel se programar para as atividades durante todo o semestre. A Pr\u00f3-Reitoria de Gradua\u00e7\u00e3o (PROGRAD) publica o Calend\u00e1rio Letivo e o Cronograma Acad\u00eamico com todas as datas e prazos importantes para os estudante. Para acessar \u00e9 muito f\u00e1cil, o link fica dispon\u00edvel no site da\u00a0 <a href=\"https:\/\/prograd.ufla.br\/\">Pr\u00f3-Reitoria de Gradua\u00e7\u00e3o<\/a> .<\/p>\n<p><a href=\"https:\/\/prograd.ufla.br\/calendario-escolar\">Calend\u00e1rio Letivo e Cronograma Acad\u00eamico.<\/a><\/p>\n<!-- AddThis Advanced Settings generic via filter on the_content --><!-- AddThis Share Buttons generic via filter on the_content -->","protected":false},"excerpt":{"rendered":"<p>\u00c9 poss\u00edvel se programar para as atividades durante todo o semestre. A Pr\u00f3-Reitoria de Gradua\u00e7\u00e3o (PROGRAD) publica o Calend\u00e1rio Letivo e o Cronograma Acad\u00eamico com todas as datas e prazos importantes para os estudante. Para acessar \u00e9 muito f\u00e1cil, o<!-- AddThis Advanced Settings generic via filter on get_the_excerpt --><!-- AddThis Share Buttons generic via filter on get_the_excerpt --><\/p>\n","protected":false},"author":2,"featured_media":0,"parent":14,"menu_order":0,"comment_status":"closed","ping_status":"closed","template":"","meta":{"footnotes":""},"class_list":["post-54","page","type-page","status-publish","hentry"],"_links":{"self":[{"href":"https:\/\/ufla.br\/calouros\/wp-json\/wp\/v2\/pages\/54","targetHints":{"allow":["GET"]}}],"collection":[{"href":"https:\/\/ufla.br\/calouros\/wp-json\/wp\/v2\/pages"}],"about":[{"href":"https:\/\/ufla.br\/calouros\/wp-json\/wp\/v2\/types\/page"}],"author":[{"embeddable":true,"href":"https:\/\/ufla.br\/calouros\/wp-json\/wp\/v2\/users\/2"}],"replies":[{"embeddable":true,"href":"https:\/\/ufla.br\/calouros\/wp-json\/wp\/v2\/comments?post=54"}],"version-history":[{"count":21,"href":"https:\/\/ufla.br\/calouros\/wp-json\/wp\/v2\/pages\/54\/revisions"}],"predecessor-version":[{"id":1698,"href":"https:\/\/ufla.br\/calouros\/wp-json\/wp\/v2\/pages\/54\/revisions\/1698"}],"up":[{"embeddable":true,"href":"https:\/\/ufla.br\/calouros\/wp-json\/wp\/v2\/pages\/14"}],"wp:attachment":[{"href":"https:\/\/ufla.br\/calouros\/wp-json\/wp\/v2\/media?parent=54"}],"curies":[{"name":"wp","href":"https:\/\/api.w.org\/{rel}","templated":true}]}}