{"id":58,"date":"2014-07-23T17:47:39","date_gmt":"2014-07-23T17:47:39","guid":{"rendered":"http:\/\/ufla.br\/calouros\/?page_id=58"},"modified":"2020-11-18T13:08:08","modified_gmt":"2020-11-18T16:08:08","slug":"assistencia-estudantil","status":"publish","type":"page","link":"https:\/\/ufla.br\/calouros\/vivendo-na-ufla\/assistencia-estudantil\/","title":{"rendered":"Assist\u00eancia Estudantil"},"content":{"rendered":"<p><a href=\"http:\/\/ufla.br\/calouros\/wp-content\/uploads\/2014\/07\/HPIM1847.jpg\"><img loading=\"lazy\" decoding=\"async\" class=\"alignright size-medium wp-image-464\" src=\"http:\/\/ufla.br\/calouros\/wp-content\/uploads\/2014\/07\/HPIM1847-300x223.jpg\" alt=\"HPIM1847\" width=\"300\" height=\"223\" srcset=\"https:\/\/ufla.br\/calouros\/wp-content\/uploads\/2014\/07\/HPIM1847-300x223.jpg 300w, https:\/\/ufla.br\/calouros\/wp-content\/uploads\/2014\/07\/HPIM1847-1024x763.jpg 1024w\" sizes=\"auto, (max-width: 300px) 100vw, 300px\" \/><\/a><\/p>\n<p>A <a href=\"http:\/\/www.praec.ufla.br\/\" target=\"_blank\" rel=\"noopener noreferrer\">Pr\u00f3-Reitoria de Assuntos Estudantis e Comunit\u00e1rios (Praec)<\/a> coordena e promove programas, projetos e atividades relacionadas \u00e0 assist\u00eancia estudantil, \u00e0 assist\u00eancia \u00e0 sa\u00fade, \u00e0 assist\u00eancia psicossocial, \u00e0 assist\u00eancia ao esporte e ao lazer, \u00e0 inclus\u00e3o social e acessibilidade e inclus\u00e3o de pessoas com defici\u00eancia.<\/p>\n<p>Fazem parte dessas a\u00e7\u00f5es a moradia estudantil, pre\u00e7os diferenciados no Restaurante Universit\u00e1rio e programas institucionais para permitir ao estudante o acesso, perman\u00eancia e a conclus\u00e3o acad\u00eamica do curso.<\/p>\n<div class=\"su-youtube su-u-responsive-media-yes\"><iframe loading=\"lazy\" width=\"600\" height=\"400\" src=\"https:\/\/www.youtube.com\/embed\/bpiUQx-R80c?autohide=2&amp;autoplay=0&amp;mute=0&amp;controls=1&amp;fs=1&amp;loop=0&amp;modestbranding=0&amp;rel=1&amp;showinfo=1&amp;theme=dark&amp;wmode=&amp;playsinline=0\" frameborder=\"0\" allowfullscreen allow=\"autoplay; encrypted-media; picture-in-picture\" title=\"\"><\/iframe><\/div>\n<p><strong>Saiba mais:<\/strong><\/p>\n<div class=\"su-list\" style=\"margin-left:0px\">\n<ul>\n<li><i class=\"sui sui-tag\" style=\"color:#333\"><\/i> <a href=\"https:\/\/praec.ufla.br\/#ufla-122\" target=\"_blank\" rel=\"noopener noreferrer\">Moradia e Alimenta\u00e7\u00e3o<\/a><\/li>\n<li><i class=\"sui sui-tag\" style=\"color:#333\"><\/i> <a href=\"https:\/\/praec.ufla.br\/programas-sociais\/avaliacao-socioeconomica-vigente\/\" target=\"_blank\" rel=\"noopener noreferrer\">Avalia\u00e7\u00e3o socioecon\u00f4mica e bolsas institucionais<\/a><\/li>\n<li><i class=\"sui sui-tag\" style=\"color:#333\"><\/i> <a href=\"https:\/\/praec.ufla.br\/nsm\/\" target=\"_blank\" rel=\"noopener noreferrer\">Sa\u00fade, atendimento m\u00e9dico, odontol\u00f3gico e laboratorial<\/a><\/li>\n<li><i class=\"sui sui-tag\" style=\"color:#333\"><\/i> <a href=\"https:\/\/praec.ufla.br\/servicos-em-destaque\/reserva-do-ciuni\" target=\"_blank\" rel=\"noopener noreferrer\">Esporte e Lazer<\/a><\/li>\n<li><i class=\"sui sui-tag\" style=\"color:#333\"><\/i> <a href=\"https:\/\/praec.ufla.br\/acessibilidadecoor\" target=\"_blank\" rel=\"noopener noreferrer\">Acessibilidade e esportes<\/a><\/li>\n<li><i class=\"sui sui-tag\" style=\"color:#333\"><\/i> <a href=\"https:\/\/praec.ufla.br\/pib-ufla\/biblioteca-videoteca\/\" target=\"_blank\" rel=\"noopener noreferrer\">V\u00eddeos explicativos sobre os programas e projetos da Pr\u00f3-Reitoria de Assuntos Estudantis e Comunit\u00e1rios (Praec).<\/a><\/li>\n<li><i class=\"sui sui-tag\" style=\"color:#333\"><\/i> <a href=\"https:\/\/praec.ufla.br\/acessibilidadecoor\/programa-de-apoio-a-discentes-com-necessidades-educacionais-especiais-padnee\" target=\"_blank\" rel=\"noopener noreferrer\">Programa de Apoio a Discentes com Necessidades Educacionais Especiais (Padnee)<\/a><\/li>\n<\/ul>\n<\/div>\n<!-- AddThis Advanced Settings generic via filter on the_content --><!-- AddThis Share Buttons generic via filter on the_content -->","protected":false},"excerpt":{"rendered":"<p>A Pr\u00f3-Reitoria de Assuntos Estudantis e Comunit\u00e1rios (Praec) coordena e promove programas, projetos e atividades relacionadas \u00e0 assist\u00eancia estudantil, \u00e0 assist\u00eancia \u00e0 sa\u00fade, \u00e0 assist\u00eancia psicossocial, \u00e0 assist\u00eancia ao esporte e ao lazer, \u00e0 inclus\u00e3o social e acessibilidade e inclus\u00e3o<!-- AddThis Advanced Settings generic via filter on get_the_excerpt --><!-- AddThis Share Buttons generic via filter on get_the_excerpt --><\/p>\n","protected":false},"author":2,"featured_media":0,"parent":14,"menu_order":0,"comment_status":"closed","ping_status":"closed","template":"","meta":{"footnotes":""},"class_list":["post-58","page","type-page","status-publish","hentry"],"_links":{"self":[{"href":"https:\/\/ufla.br\/calouros\/wp-json\/wp\/v2\/pages\/58","targetHints":{"allow":["GET"]}}],"collection":[{"href":"https:\/\/ufla.br\/calouros\/wp-json\/wp\/v2\/pages"}],"about":[{"href":"https:\/\/ufla.br\/calouros\/wp-json\/wp\/v2\/types\/page"}],"author":[{"embeddable":true,"href":"https:\/\/ufla.br\/calouros\/wp-json\/wp\/v2\/users\/2"}],"replies":[{"embeddable":true,"href":"https:\/\/ufla.br\/calouros\/wp-json\/wp\/v2\/comments?post=58"}],"version-history":[{"count":10,"href":"https:\/\/ufla.br\/calouros\/wp-json\/wp\/v2\/pages\/58\/revisions"}],"predecessor-version":[{"id":1796,"href":"https:\/\/ufla.br\/calouros\/wp-json\/wp\/v2\/pages\/58\/revisions\/1796"}],"up":[{"embeddable":true,"href":"https:\/\/ufla.br\/calouros\/wp-json\/wp\/v2\/pages\/14"}],"wp:attachment":[{"href":"https:\/\/ufla.br\/calouros\/wp-json\/wp\/v2\/media?parent=58"}],"curies":[{"name":"wp","href":"https:\/\/api.w.org\/{rel}","templated":true}]}}