{"id":63,"date":"2014-07-23T17:51:57","date_gmt":"2014-07-23T17:51:57","guid":{"rendered":"http:\/\/ufla.br\/calouros\/?page_id=63"},"modified":"2020-09-11T15:57:13","modified_gmt":"2020-09-11T18:57:13","slug":"esportes","status":"publish","type":"page","link":"https:\/\/ufla.br\/calouros\/vivendo-na-ufla\/esportes\/","title":{"rendered":"Esportes"},"content":{"rendered":"<p><a href=\"http:\/\/ufla.br\/calouros\/wp-content\/uploads\/2014\/07\/DSC07208.jpg\"><img loading=\"lazy\" decoding=\"async\" class=\"alignright size-medium wp-image-459\" src=\"http:\/\/ufla.br\/calouros\/wp-content\/uploads\/2014\/07\/DSC07208-200x300.jpg\" alt=\"Ciuni\" width=\"200\" height=\"300\" srcset=\"https:\/\/ufla.br\/calouros\/wp-content\/uploads\/2014\/07\/DSC07208-200x300.jpg 200w, https:\/\/ufla.br\/calouros\/wp-content\/uploads\/2014\/07\/DSC07208-682x1024.jpg 682w, https:\/\/ufla.br\/calouros\/wp-content\/uploads\/2014\/07\/DSC07208.jpg 1280w\" sizes=\"auto, (max-width: 200px) 100vw, 200px\" \/><\/a>Se o esporte \u00e9 o que faz a sua cabe\u00e7a, fique atento.<\/p>\n<p>O Diret\u00f3rio Central dos Estudantes (DCE) oferece projetos para a pr\u00e1tica esportiva para recrea\u00e7\u00e3o, em diversas modalidades. Para informa\u00e7\u00f5es, entre em contato com o DCE.<\/p>\n<p>A <a href=\"http:\/\/www.leufla.ufla.br\/\" target=\"_blank\" rel=\"noopener\">Liga Esportiva da UFLA (Leufla)<\/a> \u00e9 representada por times formados por alunos de gradua\u00e7\u00e3o e p\u00f3s-gradua\u00e7\u00e3o, com o objetivo de participar das competi\u00e7\u00f5es oficiais do esporte universit\u00e1rio. As seletivas para os times ocorrem em todo in\u00edcio de semestre.<\/p>\n<p>A <a href=\"https:\/\/praec.ufla.br\/servicos-em-destaque\/reserva-do-ciuni\" target=\"_blank\" rel=\"noopener\">Coordenadoria de Esporte e Lazer <\/a>da Praec \u00e9 respons\u00e1vel pela manuten\u00e7\u00e3o do Ciuni e pelos programas de bolsa monitor esportivo e de aux\u00edlio-alimenta\u00e7\u00e3o para a pr\u00e1tica esportiva.<\/p>\n<p><strong>Ciuni<\/strong><\/p>\n<p>O Centro de Integra\u00e7\u00e3o Universit\u00e1ria (Ciuni) \u00e9 um espa\u00e7o que pode ser utilizado pelos estudantes da UFLA, composto por:<\/p>\n<div class=\"su-list\" style=\"margin-left:0px\">\n<ul>\n<li><i class=\"sui sui-tag\" style=\"color:#333\"><\/i> Piscina Semi-Ol\u00edmpica;<\/li>\n<li><i class=\"sui sui-tag\" style=\"color:#333\"><\/i> Quadra de Voleibol de Areia;<\/li>\n<li><i class=\"sui sui-tag\" style=\"color:#333\"><\/i> Campo de Futebol;<\/li>\n<li><i class=\"sui sui-tag\" style=\"color:#333\"><\/i> Quadra de Peteca;<\/li>\n<li><i class=\"sui sui-tag\" style=\"color:#333\"><\/i> Quadra Poliesportiva.<\/li>\n<li><i class=\"sui sui-tag\" style=\"color:#333\"><\/i> Sal\u00e3o para realiza\u00e7\u00e3o de eventos.<\/li>\n<\/ul>\n<\/div>\n<!-- AddThis Advanced Settings generic via filter on the_content --><!-- AddThis Share Buttons generic via filter on the_content -->","protected":false},"excerpt":{"rendered":"<p>Se o esporte \u00e9 o que faz a sua cabe\u00e7a, fique atento. O Diret\u00f3rio Central dos Estudantes (DCE) oferece projetos para a pr\u00e1tica esportiva para recrea\u00e7\u00e3o, em diversas modalidades. Para informa\u00e7\u00f5es, entre em contato com o DCE. A Liga Esportiva<!-- AddThis Advanced Settings generic via filter on get_the_excerpt --><!-- AddThis Share Buttons generic via filter on get_the_excerpt --><\/p>\n","protected":false},"author":2,"featured_media":0,"parent":14,"menu_order":0,"comment_status":"closed","ping_status":"closed","template":"","meta":{"footnotes":""},"class_list":["post-63","page","type-page","status-publish","hentry"],"_links":{"self":[{"href":"https:\/\/ufla.br\/calouros\/wp-json\/wp\/v2\/pages\/63","targetHints":{"allow":["GET"]}}],"collection":[{"href":"https:\/\/ufla.br\/calouros\/wp-json\/wp\/v2\/pages"}],"about":[{"href":"https:\/\/ufla.br\/calouros\/wp-json\/wp\/v2\/types\/page"}],"author":[{"embeddable":true,"href":"https:\/\/ufla.br\/calouros\/wp-json\/wp\/v2\/users\/2"}],"replies":[{"embeddable":true,"href":"https:\/\/ufla.br\/calouros\/wp-json\/wp\/v2\/comments?post=63"}],"version-history":[{"count":14,"href":"https:\/\/ufla.br\/calouros\/wp-json\/wp\/v2\/pages\/63\/revisions"}],"predecessor-version":[{"id":1726,"href":"https:\/\/ufla.br\/calouros\/wp-json\/wp\/v2\/pages\/63\/revisions\/1726"}],"up":[{"embeddable":true,"href":"https:\/\/ufla.br\/calouros\/wp-json\/wp\/v2\/pages\/14"}],"wp:attachment":[{"href":"https:\/\/ufla.br\/calouros\/wp-json\/wp\/v2\/media?parent=63"}],"curies":[{"name":"wp","href":"https:\/\/api.w.org\/{rel}","templated":true}]}}