{"id":65,"date":"2014-07-23T17:52:47","date_gmt":"2014-07-23T17:52:47","guid":{"rendered":"http:\/\/ufla.br\/calouros\/?page_id=65"},"modified":"2025-03-13T11:40:48","modified_gmt":"2025-03-13T14:40:48","slug":"biblioteca-universitaria","status":"publish","type":"page","link":"https:\/\/ufla.br\/calouros\/vivendo-na-ufla\/situe-se-no-campus\/biblioteca-universitaria\/","title":{"rendered":"Biblioteca Universit\u00e1ria"},"content":{"rendered":"<div class=\"wp-block-image\">\n<figure class=\"aligncenter\"><a href=\"http:\/\/ufla.br\/calouros\/wp-content\/uploads\/2014\/07\/Panoramica2.jpg\"><img loading=\"lazy\" decoding=\"async\" width=\"1024\" height=\"336\" src=\"http:\/\/ufla.br\/calouros\/wp-content\/uploads\/2014\/07\/Panoramica2-1024x336.jpg\" alt=\"SONY DSC\" class=\"wp-image-501\" srcset=\"https:\/\/ufla.br\/calouros\/wp-content\/uploads\/2014\/07\/Panoramica2-1024x336.jpg 1024w, https:\/\/ufla.br\/calouros\/wp-content\/uploads\/2014\/07\/Panoramica2-300x98.jpg 300w\" sizes=\"auto, (max-width: 1024px) 100vw, 1024px\" \/><\/a><\/figure><\/div>\n\n\n<p><\/p>\n\n\n\n<p>A Biblioteca Universit\u00e1ria da UFLA desempenha um papel fundamental no suporte \u00e0s atividades acad\u00eamicas e de pesquisa, oferecendo servi\u00e7os e recursos que atendem \u00e0s necessidades de seus usu\u00e1rios e contribuem para a excel\u00eancia acad\u00eamica da institui\u00e7\u00e3o.<\/p>\n\n\n\n<p>Entre os servi\u00e7os dispon\u00edveis est\u00e3o a consulta ao acervo impresso, empr\u00e9stimo domiciliar, autoempr\u00e9stimo, autodevolu\u00e7\u00e3o, empr\u00e9stimo de computadores port\u00e1teis, empr\u00e9stimo entre bibliotecas externas, comuta\u00e7\u00e3o bibliogr\u00e1fica (Comut) e Servi\u00e7o Cooperativo de Acesso a Documentos (SCAD).<\/p>\n\n\n\n<p>Para facilitar o acesso remoto, a biblioteca oferece recursos tecnol\u00f3gicos como a Biblioteca Virtual e o servi\u00e7o &#8220;Minha Biblioteca&#8221;, permitindo que os usu\u00e1rios acessem materiais digitais de qualquer lugar. O sistema &#8220;Meu Pergamum&#8221; possibilita a renova\u00e7\u00e3o online de empr\u00e9stimos, proporcionando maior comodidade aos usu\u00e1rios. \u200b<\/p>\n\n\n<div class=\"wp-block-image\">\n<figure class=\"alignleft\"><a href=\"http:\/\/ufla.br\/calouros\/wp-content\/uploads\/2014\/07\/IMG_1055.jpg\"><img loading=\"lazy\" decoding=\"async\" width=\"300\" height=\"200\" src=\"http:\/\/ufla.br\/calouros\/wp-content\/uploads\/2014\/07\/IMG_1055-300x200.jpg\" alt=\"IMG_1055\" class=\"wp-image-496\" srcset=\"https:\/\/ufla.br\/calouros\/wp-content\/uploads\/2014\/07\/IMG_1055-300x200.jpg 300w, https:\/\/ufla.br\/calouros\/wp-content\/uploads\/2014\/07\/IMG_1055.jpg 720w\" sizes=\"auto, (max-width: 300px) 100vw, 300px\" \/><\/a><\/figure><\/div>\n\n\n<p>Desde outubro de 2011, a Biblioteca Universit\u00e1ria disponibiliza computadores port\u00e1teis (notebooks) para empr\u00e9stimo domiciliar, atendendo estudantes que n\u00e3o possuem equipamentos pr\u00f3prios para atividades acad\u00eamicas. Essa iniciativa busca reduzir barreiras tecnol\u00f3gicas, permitindo maior acesso a conte\u00fados digitais, participa\u00e7\u00e3o em eventos e o fortalecimento da produ\u00e7\u00e3o cient\u00edfica e acad\u00eamica.<\/p>\n\n\n\n<p>A Biblioteca Universit\u00e1ria tamb\u00e9m se destaca por suas iniciativas de capacita\u00e7\u00e3o, oferecendo programas para novos usu\u00e1rios e tutoriais das bibliotecas virtuais, visando aprimorar as habilidades de pesquisa e uso dos recursos dispon\u00edveis.<\/p>\n\n\n\n<p>Para manter a comunidade informada, a Biblioteca est\u00e1 presente em plataformas como Facebook e Instagram, onde compartilha atualiza\u00e7\u00f5es, hor\u00e1rios de funcionamento e outras informa\u00e7\u00f5es relevantes. \u200b<\/p>\n\n\n\n<p>A infraestrutura da biblioteca inclui cabines para estudo em grupo e individual, proporcionando um ambiente adequado para a pesquisa e o aprendizado.<br><a href=\"http:\/\/bibliotecauniversitaria.ufla.br\">Acesse o site da Biblioteca Universit\u00e1ria &#8211; BU (bibliotecauniversitaria.ufla.br)<\/a><\/p>\n\n\n\n<p><\/p>\n<!-- AddThis Advanced Settings generic via filter on the_content --><!-- AddThis Share Buttons generic via filter on the_content -->","protected":false},"excerpt":{"rendered":"<p>A Biblioteca Universit\u00e1ria da UFLA desempenha um papel fundamental no suporte \u00e0s atividades acad\u00eamicas e de pesquisa, oferecendo servi\u00e7os e recursos que atendem \u00e0s necessidades de seus usu\u00e1rios e contribuem para a excel\u00eancia acad\u00eamica da institui\u00e7\u00e3o. Entre os servi\u00e7os dispon\u00edveis<!-- AddThis Advanced Settings generic via filter on get_the_excerpt --><!-- AddThis Share Buttons generic via filter on get_the_excerpt --><\/p>\n","protected":false},"author":2,"featured_media":0,"parent":417,"menu_order":0,"comment_status":"closed","ping_status":"closed","template":"","meta":{"footnotes":""},"class_list":["post-65","page","type-page","status-publish","hentry"],"_links":{"self":[{"href":"https:\/\/ufla.br\/calouros\/wp-json\/wp\/v2\/pages\/65","targetHints":{"allow":["GET"]}}],"collection":[{"href":"https:\/\/ufla.br\/calouros\/wp-json\/wp\/v2\/pages"}],"about":[{"href":"https:\/\/ufla.br\/calouros\/wp-json\/wp\/v2\/types\/page"}],"author":[{"embeddable":true,"href":"https:\/\/ufla.br\/calouros\/wp-json\/wp\/v2\/users\/2"}],"replies":[{"embeddable":true,"href":"https:\/\/ufla.br\/calouros\/wp-json\/wp\/v2\/comments?post=65"}],"version-history":[{"count":11,"href":"https:\/\/ufla.br\/calouros\/wp-json\/wp\/v2\/pages\/65\/revisions"}],"predecessor-version":[{"id":2279,"href":"https:\/\/ufla.br\/calouros\/wp-json\/wp\/v2\/pages\/65\/revisions\/2279"}],"up":[{"embeddable":true,"href":"https:\/\/ufla.br\/calouros\/wp-json\/wp\/v2\/pages\/417"}],"wp:attachment":[{"href":"https:\/\/ufla.br\/calouros\/wp-json\/wp\/v2\/media?parent=65"}],"curies":[{"name":"wp","href":"https:\/\/api.w.org\/{rel}","templated":true}]}}