{"id":67,"date":"2014-07-23T17:53:20","date_gmt":"2014-07-23T17:53:20","guid":{"rendered":"http:\/\/ufla.br\/calouros\/?page_id=67"},"modified":"2025-03-13T11:59:49","modified_gmt":"2025-03-13T14:59:49","slug":"restaurante-universitario","status":"publish","type":"page","link":"https:\/\/ufla.br\/calouros\/vivendo-na-ufla\/situe-se-no-campus\/restaurante-universitario\/","title":{"rendered":"Restaurante Universit\u00e1rio"},"content":{"rendered":"\n<figure class=\"wp-block-image alignfull\"><a href=\"http:\/\/ufla.br\/calouros\/wp-content\/uploads\/2014\/07\/Capturar.jpg\"><img loading=\"lazy\" decoding=\"async\" width=\"1024\" height=\"502\" src=\"http:\/\/ufla.br\/calouros\/wp-content\/uploads\/2014\/07\/Capturar-1024x502.jpg\" alt=\"Capturar\" class=\"wp-image-461\" srcset=\"https:\/\/ufla.br\/calouros\/wp-content\/uploads\/2014\/07\/Capturar-1024x502.jpg 1024w, https:\/\/ufla.br\/calouros\/wp-content\/uploads\/2014\/07\/Capturar-300x147.jpg 300w, https:\/\/ufla.br\/calouros\/wp-content\/uploads\/2014\/07\/Capturar.jpg 1795w\" sizes=\"auto, (max-width: 1024px) 100vw, 1024px\" \/><\/a><\/figure>\n\n\n\n<p>O Restaurante Universit\u00e1rio (RU) da Universidade Federal de Lavras (UFLA) oferece refei\u00e7\u00f5es saud\u00e1veis e acess\u00edveis \u00e0 comunidade acad\u00eamica e visitantes. As refei\u00e7\u00f5es s\u00e3o nutricionalmente balanceadas, incluindo prato base (arroz e feij\u00e3o), prato proteico (carne ou op\u00e7\u00e3o vegetariana), guarni\u00e7\u00e3o, saladas e refresco.<\/p>\n\n\n\n<p><strong>Hor\u00e1rios de funcionamento:<\/strong><br><strong>Almo\u00e7o:<\/strong> Dias \u00fateis: 10h30 \u00e0s 13h (perman\u00eancia at\u00e9 13h30)\u200b<br><strong>S\u00e1bados, domingos e feriados:<\/strong> 11h30 \u00e0s 12h30 (perman\u00eancia at\u00e9 13h)\u200b<br><strong>Jantar: <\/strong>Dias \u00fateis: 17h30 \u00e0s 19h (perman\u00eancia at\u00e9 19h15)\u200b<\/p>\n\n\n\n<p class=\"has-text-align-center\"><a href=\"http:\/\/ufla.br\/calouros\/wp-content\/uploads\/2014\/07\/Restaurante_cheio_panoramica.jpg\"><img loading=\"lazy\" decoding=\"async\" width=\"1024\" height=\"347\" class=\"alignnone wp-image-463 size-large\" src=\"http:\/\/ufla.br\/calouros\/wp-content\/uploads\/2014\/07\/Restaurante_cheio_panoramica-1024x347.jpg\" alt=\"Vista de uma parte interna do restaurante. Mesas e as cadeiras preenchidas com pessoas.\" style=\"\" srcset=\"https:\/\/ufla.br\/calouros\/wp-content\/uploads\/2014\/07\/Restaurante_cheio_panoramica-1024x347.jpg 1024w, https:\/\/ufla.br\/calouros\/wp-content\/uploads\/2014\/07\/Restaurante_cheio_panoramica-300x101.jpg 300w\" sizes=\"auto, (max-width: 1024px) 100vw, 1024px\" \/><\/a><br><\/p>\n\n\n\n<p><a href=\"https:\/\/sig.ufla.br\/\">A aquisi\u00e7\u00e3o de cr\u00e9ditos para as refei\u00e7\u00f5es pode ser realizada pelo Sistema Integrado de Gest\u00e3o (SIG) da UFLA<\/a>, utilizando PIX ou cart\u00e3o de cr\u00e9dito. <\/p>\n\n\n\n<p>H\u00e1 tamb\u00e9m a op\u00e7\u00e3o de compra presencial no RU, nos dias \u00fateis, das 9h30 \u00e0s 13h e das 17h15 \u00e0s 19h.<\/p>\n\n\n\n<p><a href=\"https:\/\/sig.ufla.br\/modulos\/publico\/praec\/consultar_cardapios.php\">O card\u00e1pio di\u00e1rio est\u00e1 dispon\u00edvel no SIG<\/a>, permitindo que os usu\u00e1rios consultem as op\u00e7\u00f5es de refei\u00e7\u00f5es. O RU segue protocolos de biosseguran\u00e7a rigorosos para garantir a sa\u00fade e seguran\u00e7a de todos os usu\u00e1rios. <\/p>\n\n\n\n<p>Durante os per\u00edodos de f\u00e9rias, os hor\u00e1rios de funcionamento do RU podem ser ajustados, sugere-se consultar as informa\u00e7\u00f5es.<\/p>\n\n\n\n<p><a href=\"https:\/\/prape.ufla.br\/coordenadoria-de-alimentacao\/restaurante-universitario\">Informa\u00e7\u00f5es complementares sobre o RU: https:\/\/prape.ufla.br\/coordenadoria-de-alimentacao\/restaurante-universitario<\/a><\/p>\n\n\n\n<hr class=\"wp-block-separator has-alpha-channel-opacity\"\/>\n\n\n\n<p>&nbsp;<\/p>\n\n\n\n<p><\/p>\n<!-- AddThis Advanced Settings generic via filter on the_content --><!-- AddThis Share Buttons generic via filter on the_content -->","protected":false},"excerpt":{"rendered":"<p>O Restaurante Universit\u00e1rio (RU) da Universidade Federal de Lavras (UFLA) oferece refei\u00e7\u00f5es saud\u00e1veis e acess\u00edveis \u00e0 comunidade acad\u00eamica e visitantes. As refei\u00e7\u00f5es s\u00e3o nutricionalmente balanceadas, incluindo prato base (arroz e feij\u00e3o), prato proteico (carne ou op\u00e7\u00e3o vegetariana), guarni\u00e7\u00e3o, saladas e<!-- AddThis Advanced Settings generic via filter on get_the_excerpt --><!-- AddThis Share Buttons generic via filter on get_the_excerpt --><\/p>\n","protected":false},"author":2,"featured_media":0,"parent":417,"menu_order":0,"comment_status":"closed","ping_status":"closed","template":"","meta":{"footnotes":""},"class_list":["post-67","page","type-page","status-publish","hentry"],"_links":{"self":[{"href":"https:\/\/ufla.br\/calouros\/wp-json\/wp\/v2\/pages\/67","targetHints":{"allow":["GET"]}}],"collection":[{"href":"https:\/\/ufla.br\/calouros\/wp-json\/wp\/v2\/pages"}],"about":[{"href":"https:\/\/ufla.br\/calouros\/wp-json\/wp\/v2\/types\/page"}],"author":[{"embeddable":true,"href":"https:\/\/ufla.br\/calouros\/wp-json\/wp\/v2\/users\/2"}],"replies":[{"embeddable":true,"href":"https:\/\/ufla.br\/calouros\/wp-json\/wp\/v2\/comments?post=67"}],"version-history":[{"count":19,"href":"https:\/\/ufla.br\/calouros\/wp-json\/wp\/v2\/pages\/67\/revisions"}],"predecessor-version":[{"id":2281,"href":"https:\/\/ufla.br\/calouros\/wp-json\/wp\/v2\/pages\/67\/revisions\/2281"}],"up":[{"embeddable":true,"href":"https:\/\/ufla.br\/calouros\/wp-json\/wp\/v2\/pages\/417"}],"wp:attachment":[{"href":"https:\/\/ufla.br\/calouros\/wp-json\/wp\/v2\/media?parent=67"}],"curies":[{"name":"wp","href":"https:\/\/api.w.org\/{rel}","templated":true}]}}